{"id":116,"date":"2008-03-28T23:22:55","date_gmt":"2008-03-28T21:22:55","guid":{"rendered":"http:\/\/www.kirchengemeinde-schmalkalden.de\/kindergarten"},"modified":"2025-03-26T13:37:45","modified_gmt":"2025-03-26T12:37:45","slug":"sonnenschein","status":"publish","type":"page","link":"http:\/\/kirchengemeinde-schmalkalden.de\/index.php\/kindergarten\/sonnenschein","title":{"rendered":"Evangelischer Kindergarten &#8222;Sonnenschein&#8220;"},"content":{"rendered":"<h1><strong>Evangelischer Kindergarten \u201eSonnenschein\u201c<\/strong><\/h1>\n<h2><strong>Unser Kindergarten \u201eSonnenschein\u201c stellt sich vor!<\/strong><\/h2>\n<p><strong><em><span style=\"color: #0000ff;\">\u201eDas Beste zum Spielen f\u00fcr ein Kind, ist ein anderes Kind.\u201c<\/span>\u00a0\u00a0<\/em><\/strong><strong><em>\u00a0\u00a0 Friedrich Fr\u00f6bel<\/em><\/strong><\/p>\n<p>Unser Kindergarten ist ein Ort spielerischen Lernens. Das soziale Lernen ist ein bedeutendes Anliegen unserer Arbeit. Jedes Kind wird in seiner Einmaligkeit angenommen, seinen Bed\u00fcrfnissen und Besonderheiten wird Rechnung getragen. In unserer Einrichtung befinden sich 4 Gruppen. 2 Krippengruppen in den Kinder von 1-3 Jahren betreut werden und 2 Kindergartengruppen in den Kinder in kleiner Altersmischung bis zum Schuleintritt betreut werden. Die Eingew\u00f6hnung der Kinder gestalten wir individuelle, immer mit Blick auf die Bed\u00fcrfnisse der Kinder und Eltern.<\/p>\n<p>Christliche Werterziehung im Zusammenhang mit religi\u00f6ser Bildung ist Bestandteil unserer t\u00e4glichen Arbeit, hierbei werden wir von der Evangelischen Kirchengemeinde Schmalkalden unterst\u00fctzt. Es finden einmal monatlich Andachten zu bestimmten Themen z.B. Sch\u00f6pfungsgeschichte, Jahreslosung oder Freundschaft im Kindergarten statt. Diese werden von den Erzieherinnen gestaltet, wobei Lieder und Gebete feste Rituale sind. Im angrenzenden Kirchsaal Weidebrunn finden die Oster- und Weihnachtsandachten statt, hierbei gestalten unsere \u201egro\u00dfen\u201c das Krippenspiel.<\/p>\n<p>In das Gemeindeleben bringen wir uns aktiv ein z.B. Mitgestaltung des Gemeindefestes und dem Erntedankfest, Singen bei Jubilaren und der Frauenhilfe. Gerne arbeiten wir mit den Grundschulen (Martin-Luther-Schule und Renthofstra\u00dfe) zusammen. Regelm\u00e4\u00dfigen Besuch bekommen wir von der Musikschule, der Heinrich-Heine-Bibliothek und unserer Patenschaftszahn\u00e4rztin Frau Dr. Blaschke.<\/p>\n<p>Jede unserer 4 Gruppen verf\u00fcgt \u00fcber 2 gro\u00dfz\u00fcgigen Gruppenr\u00e4ume mit angrenzendem Waschraum. In der Schulanf\u00e4ngergruppe ist au\u00dferdem eine Kinderk\u00fcche vorhanden. Unsere Kreativr\u00e4ume befinden sich im Untergescho\u00df, dazu geh\u00f6ren ein Werkraum, ein Bauraum, ein Maleratelier, ein Sportraum und eine hauseigene Kinderbibliothek. Aus der Kinderbibliothek k\u00f6nnen die Kinder der Kindergartengruppe alle 2 Wochen B\u00fccher ausleihen. Ansonsten nutzen wir unser gro\u00dfz\u00fcgiges Au\u00dfengel\u00e4nde zur t\u00e4glichen Bewegung an der frischen Luft.<\/p>\n<p>In unserem Jahreskreis haben wir feste Bestandteile. Dazu geh\u00f6rt das Fr\u00fchlingsfest, in dem wir mit Zusammenarbeit unserer Eltern die Blumenk\u00e4sten und Hochbeete bepflanzen und ebenso das Sommerfest, zu dem wir alle Familien und Freunde einladen. Im Herbst findet unser Kartoffelfeuer statt, wo wir uns die gebratenen Kartoffeln und den selbstger\u00fchrten Quark schmecken lassen. Auch das Winterfest wird von unseren Kindern gerne gefeiert. Jedes Jahr steht bei uns unter einem besonderen Motto, z.B. Berufe, die Arche Noah, Regenbogen oder die Sch\u00f6pfungsgeschichte. Im Kinderparlament stimmen je 2 Kinder aus jeder Gruppe \u00fcber das neue Jahresthema ab. Dieses Thema begleitet uns dann das ganze Jahr in Geschichten Liedern und Aktionen. Zugeschnitten auf das jeweilige Alter der Kinder.<\/p>\n<p><strong>Steckbrief:<\/strong><\/p>\n<ul>\n<li><strong>66 Kinder<\/strong><\/li>\n<li><strong>\u00d6ffnungszeiten: 6:00-16:30 Uhr<\/strong><\/li>\n<li><strong>Vollverpflegung (Fr\u00fchst\u00fcck-Mittag-Vesper)<\/strong><\/li>\n<li><strong>Keine Sommerschlie\u00dfzeit<\/strong><\/li>\n<\/ul>\n<p><strong>Kontaktdaten:<\/strong><\/p>\n<p><strong>Evangelischer Kindergarten \u201eSonnenschein\u201c<\/strong><\/p>\n<p><strong>Gothaer Stra\u00dfe 21, 98574 Schmalkalden Tel.: 03683\/402126<\/strong><\/p>\n<p><strong>E-Mail: <\/strong><a href=\"mailto:ev.kiga.sonnenschein.sm@ekkw.de\"><strong>ev.kiga.sonnenschein.sm@ekkw.de<\/strong><\/a><\/p>\n<p><strong>Leiterin: Andrea Kretschmann<\/strong><\/p>\n<p><strong>ErzieherInnen: Kornelia Rummer, Michaela Dietzel, Tanja Odi, Birgit Hellwig, Nicole Petter, Isabelle Stremlow, Daniela Brieger, J\u00f6rg Thunert, Franziska Wolf, Vanessa Fischer, Juliette Brenn, <\/strong><\/p>\n<p>&nbsp;<\/p>\n<p>&nbsp;<\/p>\n<p><a href=\"http:\/\/kirchengemeinde-schmalkalden.de\/wp-content\/uploads\/2022\/12\/Konzeption-aktuell_11.2022.pdf\">Konzeption Kindergarten &#8222;Sonnenschein&#8220;<\/a><\/p>\n<p>&nbsp;<\/p>\n","protected":false},"excerpt":{"rendered":"<p>Evangelischer Kindergarten \u201eSonnenschein\u201c Unser Kindergarten \u201eSonnenschein\u201c stellt sich vor! \u201eDas Beste zum Spielen f\u00fcr ein Kind, ist ein anderes Kind.\u201c\u00a0\u00a0\u00a0\u00a0 Friedrich Fr\u00f6bel Unser Kindergarten ist ein Ort spielerischen Lernens. Das soziale Lernen ist ein bedeutendes Anliegen unserer Arbeit. Jedes Kind wird in seiner Einmaligkeit angenommen, seinen Bed\u00fcrfnissen und Besonderheiten wird Rechnung getragen. In unserer Einrichtung befinden sich 4 Gruppen. 2 Krippengruppen in den Kinder von 1-3 Jahren betreut werden und 2 Kindergartengruppen in den Kinder in kleiner Altersmischung bis zum Schuleintritt betreut werden. Die Eingew\u00f6hnung der Kinder gestalten wir individuelle, immer mit Blick auf die Bed\u00fcrfnisse der Kinder und Eltern. Christliche Werterziehung im Zusammenhang mit religi\u00f6ser Bildung ist Bestandteil unserer [&hellip;]<\/p>\n","protected":false},"author":6,"featured_media":0,"parent":574,"menu_order":50,"comment_status":"closed","ping_status":"closed","template":"","meta":{"footnotes":""},"class_list":["post-116","page","type-page","status-publish","hentry"],"_links":{"self":[{"href":"http:\/\/kirchengemeinde-schmalkalden.de\/index.php\/wp-json\/wp\/v2\/pages\/116","targetHints":{"allow":["GET"]}}],"collection":[{"href":"http:\/\/kirchengemeinde-schmalkalden.de\/index.php\/wp-json\/wp\/v2\/pages"}],"about":[{"href":"http:\/\/kirchengemeinde-schmalkalden.de\/index.php\/wp-json\/wp\/v2\/types\/page"}],"author":[{"embeddable":true,"href":"http:\/\/kirchengemeinde-schmalkalden.de\/index.php\/wp-json\/wp\/v2\/users\/6"}],"replies":[{"embeddable":true,"href":"http:\/\/kirchengemeinde-schmalkalden.de\/index.php\/wp-json\/wp\/v2\/comments?post=116"}],"version-history":[{"count":30,"href":"http:\/\/kirchengemeinde-schmalkalden.de\/index.php\/wp-json\/wp\/v2\/pages\/116\/revisions"}],"predecessor-version":[{"id":5882,"href":"http:\/\/kirchengemeinde-schmalkalden.de\/index.php\/wp-json\/wp\/v2\/pages\/116\/revisions\/5882"}],"up":[{"embeddable":true,"href":"http:\/\/kirchengemeinde-schmalkalden.de\/index.php\/wp-json\/wp\/v2\/pages\/574"}],"wp:attachment":[{"href":"http:\/\/kirchengemeinde-schmalkalden.de\/index.php\/wp-json\/wp\/v2\/media?parent=116"}],"curies":[{"name":"wp","href":"https:\/\/api.w.org\/{rel}","templated":true}]}}