{"id":1618,"date":"2015-01-19T09:50:08","date_gmt":"2015-01-19T08:50:08","guid":{"rendered":"http:\/\/www.Kirchengemeinde-Schmalkalden.de\/?page_id=1618"},"modified":"2018-12-05T12:07:32","modified_gmt":"2018-12-05T11:07:32","slug":"kirchgeld","status":"publish","type":"page","link":"http:\/\/kirchengemeinde-schmalkalden.de\/index.php\/kirchgeld","title":{"rendered":"Kirchgeld"},"content":{"rendered":"<p>Kirchgeld kann auf folgendes Konto \u00fcberwiesen werden:<\/p>\n<p><strong>IBAN: DE70840500001505004108<\/strong><\/p>\n<p><strong>BIC: HELADEF1RRS<\/strong><\/p>\n<p>oder auch bar im Gemeindeb\u00fcro bei Frau Heinz zu den \u00d6ffnungszeiten eingezahlt werden.<\/p>\n<p>&nbsp;<\/p>\n<p>&nbsp;<\/p>\n<p>&nbsp;<\/p>\n","protected":false},"excerpt":{"rendered":"<p>Kirchgeld kann auf folgendes Konto \u00fcberwiesen werden: IBAN: DE70840500001505004108 BIC: HELADEF1RRS oder auch bar im Gemeindeb\u00fcro bei Frau Heinz zu den \u00d6ffnungszeiten eingezahlt werden. &nbsp; &nbsp; &nbsp;<\/p>\n","protected":false},"author":6,"featured_media":0,"parent":0,"menu_order":9,"comment_status":"open","ping_status":"closed","template":"","meta":{"footnotes":""},"class_list":["post-1618","page","type-page","status-publish","hentry"],"_links":{"self":[{"href":"http:\/\/kirchengemeinde-schmalkalden.de\/index.php\/wp-json\/wp\/v2\/pages\/1618","targetHints":{"allow":["GET"]}}],"collection":[{"href":"http:\/\/kirchengemeinde-schmalkalden.de\/index.php\/wp-json\/wp\/v2\/pages"}],"about":[{"href":"http:\/\/kirchengemeinde-schmalkalden.de\/index.php\/wp-json\/wp\/v2\/types\/page"}],"author":[{"embeddable":true,"href":"http:\/\/kirchengemeinde-schmalkalden.de\/index.php\/wp-json\/wp\/v2\/users\/6"}],"replies":[{"embeddable":true,"href":"http:\/\/kirchengemeinde-schmalkalden.de\/index.php\/wp-json\/wp\/v2\/comments?post=1618"}],"version-history":[{"count":5,"href":"http:\/\/kirchengemeinde-schmalkalden.de\/index.php\/wp-json\/wp\/v2\/pages\/1618\/revisions"}],"predecessor-version":[{"id":3740,"href":"http:\/\/kirchengemeinde-schmalkalden.de\/index.php\/wp-json\/wp\/v2\/pages\/1618\/revisions\/3740"}],"wp:attachment":[{"href":"http:\/\/kirchengemeinde-schmalkalden.de\/index.php\/wp-json\/wp\/v2\/media?parent=1618"}],"curies":[{"name":"wp","href":"https:\/\/api.w.org\/{rel}","templated":true}]}}