{"id":2,"date":"2005-04-10T15:51:22","date_gmt":"2005-04-10T14:51:22","guid":{"rendered":"http:\/\/kgsm.posaunenchor-jena.de\/impressum\/"},"modified":"2024-08-01T12:38:28","modified_gmt":"2024-08-01T10:38:28","slug":"impressum","status":"publish","type":"page","link":"http:\/\/kirchengemeinde-schmalkalden.de\/index.php\/impressum","title":{"rendered":"Impressum \/ Datenschutz"},"content":{"rendered":"<h1>Verantwortlich f\u00fcr den Inhalt dieser Seiten:<\/h1>\n<p><strong>Verantwortlich f\u00fcr den Inhalt dieser Seiten:<\/strong><\/p>\n<p>Evangelische Kirchengemeinde Schmalkalden<\/p>\n<p>Kirchhof 3,<\/p>\n<p>98574 Schmalkalden<\/p>\n<p>Tel.: 03683 \/ 402471<\/p>\n<p>Fax: 03683 \/ 407433<\/p>\n<p>E-Mail: kirchengemeinde.schmalkalden@ekkw.de<\/p>\n<p><strong>\u00a0<\/strong><\/p>\n<p><strong>Rechtsform:<\/strong><\/p>\n<p>K\u00f6rperschaft des \u00f6ffentlichen Rechts<\/p>\n<p>(\u201e Die Evangelische Kirchgemeinde Schmalkalden ist eine K\u00f6rperschaft des \u00f6ffentlichen Rechts\u201c)<\/p>\n<p>&nbsp;<\/p>\n<p><strong>Vertretungsberechtigter:<\/strong><\/p>\n<p>Dekan Ralf Gebauer<\/p>\n<p>Tel.: 03683 \/ 602760<\/p>\n<p>E-Mail: ralf.gebauer@ekkw.de<\/p>\n<p>&nbsp;<\/p>\n<p><strong>Verantwortlicher gem. \u00a7 18 MStV:<\/strong><\/p>\n<p>Gemeindeb\u00fcro<\/p>\n<p>vertreten durch Dekan Ralf Gebauer<\/p>\n<p>Anschrift: Weidebrunner Tor 7, 98574 Schmalkalden<\/p>\n<p>&nbsp;<\/p>\n<p>Sollten Sie Fragen oder Anregungen f\u00fcr diese Seite haben, dann melden Sie sich doch einfach bei uns. Wir sind nat\u00fcrlich f\u00fcr jede Unterst\u00fctzung dankbar.<br \/>\nWir freuen uns auf jede Mail, jede Anregung, jeden Artikel oder andere Dinge, welche mit dieser Seite in Verbindung zu bringen sind.<br \/>\nSollten Sie Artikel einstellen wollen, so senden Sie diese direkt an obige email des Gemeindeb\u00fcros, diese werden dann schnellstens online zur Verf\u00fcgung stehen in der richtigen Rubrik.<\/p>\n<p>&nbsp;<\/p>\n<h1>Hinweis zu Links<\/h1>\n<p>Soweit kirchengemeinde-schmalkalden.de mittels Hyperlink auf Internet-Seiten Dritter verweist, dient dies allein Informationszwecken, ohne dass sich der Nutzer auf die Aktualit\u00e4t, Richtigkeit oder Vollst\u00e4ndigkeit der Informationen berufen oder verlassen kann.<\/p>\n<p>&nbsp;<\/p>\n<p>&nbsp;<\/p>\n<header class=\"page-header\">\n<h1 class=\"entry-title page-title\">Datenschutz<\/h1>\n<\/header>\n<div class=\"entry-content clearfix\">\n<p>Geltungsbereich<\/p>\n<p>Diese Datenschutzerkl\u00e4rung kl\u00e4rt Nutzer \u00fcber die Art, den Umfang und die Zwecke der Erhebung und Verwendung personenbezogener Daten im Internetauftritt www.kirchengemeinde-schmalkalden.de (im Folgenden \u201eAngebot\u201c) durch den verantwortlichen Anbieter, der Evangelischen Kirchengemeinde Schmalkalden (im Folgenden \u201eAnbieter\u201c), auf. Die rechtlichen Grundlagen des Datenschutzes finden sich im Kirchengesetz \u00fcber den Datenschutz der Evangelischen Kirche in Deutschland (DSG-EKD), im Bundesdatenschutzgesetz (BDSG) und dem Telemediengesetz (TMG).<br \/>\nZugriffsdaten\/ Server-Logfiles<br \/>\nDer Anbieter (beziehungsweise der von ihm beauftragte Webspace-Provider) erhebt Daten \u00fcber jeden Zugriff auf das Angebot (so genannte Serverlogfiles). Zu den Zugriffsdaten geh\u00f6ren:<\/p>\n<p>Name der abgerufenen Webseite, Datei, Datum und Uhrzeit des Abrufs, \u00fcbertragene Datenmenge, Meldung \u00fcber erfolgreichen Abruf, Browsertyp nebst Version, das Betriebssystem des Nutzers, Referrer URL (die zuvor besuchte Seite), IP-Adresse und der anfragende Provider.<\/p>\n<p>Der Anbieter verwendet die Protokolldaten nur f\u00fcr statistische Auswertungen zum Zweck des Betriebs, der Sicherheit und der Optimierung des Angebotes. Der Anbieter beh\u00e4lt sich jedoch vor, die Protokolldaten nachtr\u00e4glich zu \u00fcberpr\u00fcfen, wenn aufgrund konkreter Anhaltspunkte der berechtigte Verdacht einer rechtswidrigen Nutzung besteht.<\/p>\n<p>Umgang mit personenbezogenen Daten<\/p>\n<p>Personenbezogene Daten sind Informationen, mit deren Hilfe eine Person bestimmbar ist, also Angaben, die zur\u00fcck zu einer Person verfolgt werden k\u00f6nnen. Dazu geh\u00f6ren z.B. der Name, die E-Mail-Adresse, die Telefonnummer oder die InternetProtocol-Adresse des Nutzers (kurz \u201eIP-Adresse\u201c), die er im Zeitraum seines Besuchs des Angebotes benutzt hat. Sofern innerhalb des Angebotes die M\u00f6glichkeit zur Eingabe personenbezogener Daten (zum Beispiel im Rahmen einer pers\u00f6nlichen Registrierung, Bestellung, Anforderung oder Mitteilung) besteht, so erfolgt die Angaben dieser Daten seitens des Nutzers auf ausdr\u00fccklich freiwilliger Basis. Die Daten werden vertraulich behandelt und nicht an Dritte weitergegeben.<\/p>\n<p>Der Anbieter wird personenbezogene Daten an auskunftsberechtigte Institutionen (Beh\u00f6rden) \u00fcbermitteln, wenn der Anbieter durch Rechtsvorschriften oder per Gerichtsbeschluss dazu verpflichtet ist.<\/p>\n<p>Kontaktaufnahme und E-Mail-Sicherheit<\/p>\n<p>Bei der Kontaktaufnahme mit dem Anbieter (z.B. per E-Mail) werden die Angaben des Nutzers zwecks Bearbeitung der Anfrage sowie f\u00fcr den Fall, dass Anschlussfragen entstehen, gespeichert. Die \u00fcbermittelte E-Mail-Adresse wird nur f\u00fcr die Korrespondenz mit dem Nutzer verwendet. Ein Verschl\u00fcsselungsverfahren f\u00fcr die Korrespondenz wird nicht eingesetzt.<br \/>\nLinks<br \/>\nDas Angebot enth\u00e4lt Links zu anderen Internetauftritten. Der Anbieter hat keinen Einfluss auf deren Inhalte und darauf, dass deren Betreiber die Datenschutzbestimmungen einhalten.<\/p>\n<p>Cookies<\/p>\n<p>Cookies sind kleine Dateien, die es erm\u00f6glichen, auf dem Zugriffsger\u00e4t der Nutzer (PC, Smartphone o.\u00e4.) spezifische, auf das Ger\u00e4t bezogene Informationen zu speichern. Sie dienen zum einem der Benutzerfreundlichkeit von Internetseiten und damit den Nutzern (z.B. Speicherung von Login-Daten). Zum anderen dienen sie dazu, um statistische Daten zur Seitennutzung zu erfassen und sie zwecks Verbesserung des Angebotes analysieren zu k\u00f6nnen. Die Nutzer k\u00f6nnen auf den Einsatz der Cookies Einfluss nehmen. Die meisten Browser verf\u00fcgen eine Option, mit der das Speichern von Cookies eingeschr\u00e4nkt oder komplett verhindert wird.<\/p>\n<p>Soziale Netzwerke<\/p>\n<p>Auf der Startseite werden Empfehlungs-Funktionen bzw. Links zu sozialen Netzwerken (z.B. Facebook, Youtube) angeboten. Sofern Nutzer entsprechend ausgestattete Seiten des Angebots aufrufen, wird noch keine Verbindung mit den Servern des betreffenden Netzwerks hergestellt. Erst nach einem Klick auf die Empfehlungs-Funktion werden Daten zu dem fremden Webserver des sozialen Netzwerks \u00fcbermittelt. Dazu geh\u00f6ren z.B. Text- und Bildinhalte des Angebots und die IP-Adresse des Nutzers, die f\u00fcr die Weiterleitung erforderlich ist. Mit dem Klick verl\u00e4sst der Nutzer den Verantwortungsbereich des Anbieters.<\/p>\n<p>Falls der Nutzer Mitglied des sozialen Netzwerks ist und sich nach der Weiterleitung am Netzwerk anmeldet bzw. angemeldet ist, werden vom Netzwerk selbst weitere Informationen zugeordnet, die mit der Person des Nutzers verkn\u00fcpft sind. Soziale Netzwerke k\u00f6nnen dadurch Surfprofile ihrer Nutzer erstellen. Falls der Nutzer kein Mitglied des sozialen Netzwerks ist, besteht trotzdem die M\u00f6glichkeit, dass das soziale Netzwerk weitere Daten erhebt und speichert. Den genauen Zweck und Umfang der Datenerhebung durch das soziale Netzwerk und die weitere Nutzung der Daten k\u00f6nnen Nutzer auch der Datenschutzerkl\u00e4rung der jeweiligen Netzwerke entnehmen.<\/p>\n<p>Einbindung von Diensten und Inhalten Dritter<\/p>\n<p>Es kann vorkommen, dass innerhalb dieses Angebotes Inhalte Dritter, wie zum Beispiel Videos von \u201eYouTube\u201c, Kartenmaterial des Dienstes \u201eGoogle-Maps\u201c, RSS-Feeds oder Grafiken von anderen Internetauftritten eingebunden werden. Dies setzt immer voraus, dass die Anbieter dieser Inhalte (kurz \u201eDritt-Anbieter\u201c) die IP-Adressen der Nutzer wahrnehmen. Denn ohne die IP-Adresse k\u00f6nnten sie die Inhalte nicht an den Browser des jeweiligen Nutzers senden. Die IP-Adresse ist damit f\u00fcr die Darstellung dieser Inhalte erforderlich. Der Anbieter bem\u00fcht sich, nur solche Inhalte zu verwenden, deren jeweilige Dritt-Anbieter die IP-Adresse lediglich zur Auslieferung der Inhalte verwenden. Der Anbieter hat jedoch keinen Einfluss darauf, falls die Dritt-Anbieter die IP-Adressen z.B. f\u00fcr statistische Zwecke speichern.<\/p>\n<p>Hinweise zu YouTube<\/p>\n<p>Unsere Website nutzt Plugins der von Google betriebenen Seite YouTube, um Videos in das Angebot einzubetten. Betreiber der Seiten ist die YouTube, LLC, 901 Cherry Ave., San Bruno, CA 94066, USA. Wenn Sie eine unserer mit einem YouTube-Plugin ausgestatteten Seiten besuchen, wird eine Verbindung zu den Servern von YouTube hergestellt. Dabei wird dem Youtube-Server mitgeteilt, welche unserer Seiten Sie besucht haben.<br \/>\nWenn Sie in Ihrem YouTube-Account eingeloggt sind erm\u00f6glichen Sie YouTube, Ihr Surfverhalten direkt Ihrem pers\u00f6nlichen Profil zuzuordnen. Dies k\u00f6nnen Sie verhindern, indem Sie sich aus Ihrem YouTube- Account ausloggen. Weitere Informationen zum Umgang von Nutzerdaten finden Sie in der Datenschutzerkl\u00e4rung von YouTube unter: www.google.de\/intl\/de\/policies\/privacy<\/p>\n<p>Hinweise zu Google Maps<\/p>\n<p>Im Angebot verwenden wir das Produkt Google Maps von Google Inc. z.B. zur Anzeige von Lagekarten im Verzeichnis der Gemeinden. Google Maps wird von Google Inc., 1600 Amphitheatre Parkway, Mountain View, CA 94043, USA betrieben. Durch Nutzung dieser Webseite erkl\u00e4ren Sie sich mit der Erfassung, Bearbeitung sowie Nutzung der automatisiert erhobenen Daten durch Google Inc, deren Vertreter sowie Dritter einverstanden. Die Nutzungsbedingungen von Google Maps finden Sie hier: Verlinken auf www.google.com\/intl\/de_de\/help\/terms_maps.html<\/p>\n<p>Ihr Recht auf Auskunft, L\u00f6schung, Sperrung<\/p>\n<p>Sie haben als Nutzer das Recht, Auskunft dar\u00fcber zu verlangen, welche Daten \u00fcber Sie bei uns gespeichert sind und zu welchem Zweck diese Speicherung erfolgt. Dar\u00fcber hinaus k\u00f6nnen Sie unrichtige Daten berichtigen oder solche Daten l\u00f6schen lassen, deren Speicherung unzul\u00e4ssig oder nicht mehr erforderlich ist. Sie haben die Rechte auf Daten\u00fcbertragbarkeit, Einschr\u00e4nkung der Verarbeitung und Widerspruch. Au\u00dferdem haben Sie das Recht, sich bei der Aufsichtsbeh\u00f6rde \u00fcber die stattfindende Datenverarbeitung zu beschweren. Zust\u00e4ndige Aufsichtsbeh\u00f6rde ist Der Beauftragte f\u00fcr den Datenschutz der EKD \u2013 Adresse siehe unten.<\/p>\n<p>Sie erhalten jederzeit ohne Angabe von Gr\u00fcnden kostenfrei Auskunft \u00fcber Ihre bei uns gespeicherten Daten. Sie k\u00f6nnen jederzeit Ihre bei uns erhobenen Daten sperren, berichtigen oder l\u00f6schen lassen. Auch k\u00f6nnen Sie jederzeit die uns erteilte Einwilligung zur Datenerhebung und Verwendung ohne Angaben von Gr\u00fcnden widerrufen. Wenden Sie sich hierzu bitte an die auf dieser Seite angegebene Kontaktadresse des Datenschutzbeauftragten.<\/p>\n<p>Fragen zu Datenschutz \/Datenschutzbeauftragte<\/p>\n<p>Mit Ihren Fragen zum Thema Datenschutz bei der Evangelischen Kirche von Kurhessen-Waldeck (EKKW), k\u00f6nnen Sie sich an die \u00f6rtlich Beauftragte f\u00fcr Datenschutz des Landeskirchenamtes wenden:<br \/>\nKerstin Koch<br \/>\n\u00d6rtlich Beauftragte f\u00fcr den Datenschutz<br \/>\nTelefon: 0561\/9378-387<br \/>\nE-Mail: datenschutz@ekkw.de<\/p>\n<p>Die Aufgaben der Datenschutzaufsicht der EKKW werden durch den Beauftragten f\u00fcr den Datenschutz der Evangelischen Kirche in Deutschland (BfD EKD) wahrgenommen. Als Ansprechpartner f\u00fcr Datenschutzanfragen aus dem Bereich der EKKW ist das Team der Au\u00dfenstelle Dortmund des BfD EKD zust\u00e4ndig. Wenn Sie der Ansicht sind, bei der Erhebung, Verarbeitung oder Nutzung Ihrer personenbezogenen Daten durch Stellen der EKKW in Ihren Rechten verletzt worden zu sein, wenden Sie sich bitte an:<br \/>\nDer Beauftragte f\u00fcr den Datenschutz der Evangelischen Kirche in Deutschland<br \/>\nAu\u00dfenstelle Dortmund<br \/>\nFriedhof 4<br \/>\n44135 Dortmund<br \/>\nTelefon: 0231\/533827-0<br \/>\nFax: 0231\/533827-20<br \/>\nE-Mail: mitte-west@datenschutz.ekd.de<br \/>\nInternet: datenschutz.ekd.de<\/p>\n<\/div>\n","protected":false},"excerpt":{"rendered":"<p>Verantwortlich f\u00fcr den Inhalt dieser Seiten: Verantwortlich f\u00fcr den Inhalt dieser Seiten: Evangelische Kirchengemeinde Schmalkalden Kirchhof 3, 98574 Schmalkalden Tel.: 03683 \/ 402471 Fax: 03683 \/ 407433 E-Mail: kirchengemeinde.schmalkalden@ekkw.de \u00a0 Rechtsform: K\u00f6rperschaft des \u00f6ffentlichen Rechts (\u201e Die Evangelische Kirchgemeinde Schmalkalden ist eine K\u00f6rperschaft des \u00f6ffentlichen Rechts\u201c) &nbsp; Vertretungsberechtigter: Dekan Ralf Gebauer Tel.: 03683 \/ 602760 E-Mail: ralf.gebauer@ekkw.de &nbsp; Verantwortlicher gem. \u00a7 18 MStV: Gemeindeb\u00fcro vertreten durch Dekan Ralf Gebauer Anschrift: Weidebrunner Tor 7, 98574 Schmalkalden &nbsp; Sollten Sie Fragen oder Anregungen f\u00fcr diese Seite haben, dann melden Sie sich doch einfach bei uns. Wir sind nat\u00fcrlich f\u00fcr jede Unterst\u00fctzung dankbar. Wir freuen uns auf jede Mail, jede Anregung, jeden Artikel [&hellip;]<\/p>\n","protected":false},"author":6,"featured_media":0,"parent":0,"menu_order":9,"comment_status":"closed","ping_status":"closed","template":"","meta":{"footnotes":""},"class_list":["post-2","page","type-page","status-publish","hentry"],"_links":{"self":[{"href":"http:\/\/kirchengemeinde-schmalkalden.de\/index.php\/wp-json\/wp\/v2\/pages\/2","targetHints":{"allow":["GET"]}}],"collection":[{"href":"http:\/\/kirchengemeinde-schmalkalden.de\/index.php\/wp-json\/wp\/v2\/pages"}],"about":[{"href":"http:\/\/kirchengemeinde-schmalkalden.de\/index.php\/wp-json\/wp\/v2\/types\/page"}],"author":[{"embeddable":true,"href":"http:\/\/kirchengemeinde-schmalkalden.de\/index.php\/wp-json\/wp\/v2\/users\/6"}],"replies":[{"embeddable":true,"href":"http:\/\/kirchengemeinde-schmalkalden.de\/index.php\/wp-json\/wp\/v2\/comments?post=2"}],"version-history":[{"count":23,"href":"http:\/\/kirchengemeinde-schmalkalden.de\/index.php\/wp-json\/wp\/v2\/pages\/2\/revisions"}],"predecessor-version":[{"id":5727,"href":"http:\/\/kirchengemeinde-schmalkalden.de\/index.php\/wp-json\/wp\/v2\/pages\/2\/revisions\/5727"}],"wp:attachment":[{"href":"http:\/\/kirchengemeinde-schmalkalden.de\/index.php\/wp-json\/wp\/v2\/media?parent=2"}],"curies":[{"name":"wp","href":"https:\/\/api.w.org\/{rel}","templated":true}]}}