{"id":3613,"date":"2018-10-17T12:45:00","date_gmt":"2018-10-17T10:45:00","guid":{"rendered":"http:\/\/www.Kirchengemeinde-Schmalkalden.de\/?page_id=3613"},"modified":"2024-12-19T08:09:24","modified_gmt":"2024-12-19T07:09:24","slug":"forderverein-der-stadtkirche","status":"publish","type":"page","link":"http:\/\/kirchengemeinde-schmalkalden.de\/index.php\/forderverein-der-stadtkirche","title":{"rendered":"F\u00f6rderverein der Stadtkirche"},"content":{"rendered":"<h2 style=\"text-align: center;\"><span style=\"color: #ff6600;\"><em><strong>&#8222;Wenn einer allein tr\u00e4umt, ist es nur ein Traum.<\/strong><\/em><\/span><\/h2>\n<h2 style=\"text-align: center;\"><span style=\"color: #ff6600;\"><em><strong>Wenn Menschen gemeinsam tr\u00e4umen,<\/strong><\/em><\/span><\/h2>\n<h2 style=\"text-align: center;\"><span style=\"color: #ff6600;\"><em><strong>ist es der Beginn einer neuen Wirklichkeit.&#8220;<\/strong><\/em><\/span><\/h2>\n<p><span style=\"color: #6b9966;\"><em><strong><a href=\"http:\/\/www.Kirchengemeinde-Schmalkalden.de\/index.php\/forderverein-der-stadtkirche\/img_0191\" rel=\"attachment wp-att-3673\"><img loading=\"lazy\" decoding=\"async\" class=\"aligncenter size-medium wp-image-3673\" title=\"IMG_0191\" src=\"http:\/\/www.Kirchengemeinde-Schmalkalden.de\/wp-content\/uploads\/2018\/10\/IMG_0191-300x197.jpg\" alt=\"\" width=\"300\" height=\"197\" srcset=\"http:\/\/kirchengemeinde-schmalkalden.de\/wp-content\/uploads\/2018\/10\/IMG_0191-300x197.jpg 300w, http:\/\/kirchengemeinde-schmalkalden.de\/wp-content\/uploads\/2018\/10\/IMG_0191-1024x672.jpg 1024w\" sizes=\"auto, (max-width: 300px) 100vw, 300px\" \/><\/a><br \/>\n<\/strong><\/em><\/span><\/p>\n<p>&nbsp;<\/p>\n<p>Der am 14. Mai 2004 gegr\u00fcndete F\u00f6rderverein ist ein Zusammenschluss von aktuell 48 Menschen, die sich die Erhaltung, Pflege und Versch\u00f6nerung der Stadtkirche St. Georg und ihres Inventars zur Aufgabe gemacht haben. \u00a0Ebenfalls erm\u00f6glicht er die Neuanschaffung kirchlicher Gegenst\u00e4nde.<\/p>\n<p><strong>WIR \u00dcBER UNS<\/strong><\/p>\n<p><span style=\"text-decoration: underline;\"><strong>Vorstandsmitglieder<\/strong><\/span><\/p>\n<ul>\n<li>Harald Gratz &#8211; Vorsitzender<\/li>\n<li>Pfarrer Manfred Schreiber &#8211; stellvertr. Vorsitzender<\/li>\n<li>Rainer M\u00fcller &#8211; stellvertr. Vorsitzender<\/li>\n<li>Katrin Metz\u00a0 &#8211; Kassenwartin<\/li>\n<li>Rainer Holland-Moritz &#8211; Schriftf\u00fchrer<\/li>\n<\/ul>\n<p><strong><span style=\"text-decoration: underline;\">Weitere Vorstands-Mitglieder:<\/span><\/strong><\/p>\n<ul>\n<li>Dekan Ralf Gebauer<\/li>\n<li>Sabine Weniger<\/li>\n<li>Thomas Kaminski<\/li>\n<\/ul>\n<p><a href=\"http:\/\/www.Kirchengemeinde-Schmalkalden.de\/index.php\/forderverein-der-stadtkirche\/satzung-fv-stadtkirche-e-v\" rel=\"attachment wp-att-3628\">Satzung FV Stadtkirche e.V. als Download<\/a><\/p>\n<p>&nbsp;<\/p>\n<p><strong>Was macht der F\u00f6rderverein konkret?<\/strong><\/p>\n<p>Mit einem j\u00e4hrlichen Mitgliedsbeitrag von 30 Euro bzw. 20 Euro f\u00fcr Rentner, Arbeitslose, Sch\u00fcler und Studenten und verschiedenen Spenden konnten in der Vergangenheit z.B. folgende Projekte gef\u00f6rdert und unterst\u00fctzt werden:<\/p>\n<ul>\n<li>Restaurierung des Taufsteines\n<p><div id=\"attachment_3684\" style=\"width: 169px\" class=\"wp-caption alignright\"><a href=\"http:\/\/www.Kirchengemeinde-Schmalkalden.de\/index.php\/forderverein-der-stadtkirche\/taufstein-2\" rel=\"attachment wp-att-3684\"><img loading=\"lazy\" decoding=\"async\" aria-describedby=\"caption-attachment-3684\" class=\"size-medium wp-image-3684 \" title=\"Taufstein 2\" src=\"http:\/\/www.Kirchengemeinde-Schmalkalden.de\/wp-content\/uploads\/2018\/10\/Taufstein-2-159x300.jpg\" alt=\"\" width=\"159\" height=\"300\" srcset=\"http:\/\/kirchengemeinde-schmalkalden.de\/wp-content\/uploads\/2018\/10\/Taufstein-2-159x300.jpg 159w, http:\/\/kirchengemeinde-schmalkalden.de\/wp-content\/uploads\/2018\/10\/Taufstein-2.jpg 476w\" sizes=\"auto, (max-width: 159px) 100vw, 159px\" \/><\/a><p id=\"caption-attachment-3684\" class=\"wp-caption-text\">Taufstein Stadtkirche St. Georg<\/p><\/div><\/li>\n<li>Restaurierung der Kanzel\n<p><div id=\"attachment_3639\" style=\"width: 235px\" class=\"wp-caption aligncenter\"><a href=\"http:\/\/www.Kirchengemeinde-Schmalkalden.de\/index.php\/forderverein-der-stadtkirche\/kanzel\" rel=\"attachment wp-att-3639\"><img loading=\"lazy\" decoding=\"async\" aria-describedby=\"caption-attachment-3639\" class=\"size-full wp-image-3639\" title=\"Kanzel\" src=\"http:\/\/www.Kirchengemeinde-Schmalkalden.de\/wp-content\/uploads\/2018\/11\/Kanzel.jpg\" alt=\"\" width=\"225\" height=\"300\" \/><\/a><p id=\"caption-attachment-3639\" class=\"wp-caption-text\">Kanzel nach der Restaurierung<\/p><\/div><\/li>\n<li>\u00a0Restauration und Wiederherstellung des Gew\u00f6lbes im Erdgeschoss des SW Turmes<\/li>\n<li>Restaurierung der Emporenbilder\n<div id=\"attachment_3665\" style=\"width: 220px\" class=\"wp-caption alignright\"><a href=\"http:\/\/www.Kirchengemeinde-Schmalkalden.de\/index.php\/forderverein-der-stadtkirche\/emporenmalerei1-2\" rel=\"attachment wp-att-3665\"><img loading=\"lazy\" decoding=\"async\" aria-describedby=\"caption-attachment-3665\" class=\"size-medium wp-image-3665 \" title=\"Emporenmalerei1\" src=\"http:\/\/www.Kirchengemeinde-Schmalkalden.de\/wp-content\/uploads\/2018\/10\/Emporenmalerei11-300x225.jpg\" alt=\"\" width=\"210\" height=\"158\" srcset=\"http:\/\/kirchengemeinde-schmalkalden.de\/wp-content\/uploads\/2018\/10\/Emporenmalerei11-300x225.jpg 300w, http:\/\/kirchengemeinde-schmalkalden.de\/wp-content\/uploads\/2018\/10\/Emporenmalerei11.jpg 640w\" sizes=\"auto, (max-width: 210px) 100vw, 210px\" \/><\/a><p id=\"caption-attachment-3665\" class=\"wp-caption-text\">Emporenmalereien<\/p><\/div>\n<p><div id=\"attachment_3664\" style=\"width: 220px\" class=\"wp-caption alignright\"><a href=\"http:\/\/www.Kirchengemeinde-Schmalkalden.de\/index.php\/forderverein-der-stadtkirche\/emporenmalerei-2\" rel=\"attachment wp-att-3664\"><img loading=\"lazy\" decoding=\"async\" aria-describedby=\"caption-attachment-3664\" class=\"size-medium wp-image-3664 \" title=\"Emporenmalerei\" src=\"http:\/\/www.Kirchengemeinde-Schmalkalden.de\/wp-content\/uploads\/2018\/10\/Emporenmalerei2-300x225.jpg\" alt=\"\" width=\"210\" height=\"158\" srcset=\"http:\/\/kirchengemeinde-schmalkalden.de\/wp-content\/uploads\/2018\/10\/Emporenmalerei2-300x225.jpg 300w, http:\/\/kirchengemeinde-schmalkalden.de\/wp-content\/uploads\/2018\/10\/Emporenmalerei2.jpg 640w\" sizes=\"auto, (max-width: 210px) 100vw, 210px\" \/><\/a><p id=\"caption-attachment-3664\" class=\"wp-caption-text\">Emporenmalereien<\/p><\/div><\/li>\n<li>\u00a0Restaurierung der Tafelmalereien im Kirchenschiff\n<p><div id=\"attachment_3670\" style=\"width: 250px\" class=\"wp-caption alignright\"><a href=\"http:\/\/www.Kirchengemeinde-Schmalkalden.de\/index.php\/forderverein-der-stadtkirche\/bilder-chorgestuhl\" rel=\"attachment wp-att-3670\"><img loading=\"lazy\" decoding=\"async\" aria-describedby=\"caption-attachment-3670\" class=\"size-medium wp-image-3670 \" title=\"Bilder Chorgest\u00fchl\" src=\"http:\/\/www.Kirchengemeinde-Schmalkalden.de\/wp-content\/uploads\/2018\/10\/Bilder-Chorgest\u00fchl-300x225.jpg\" alt=\"\" width=\"240\" height=\"180\" srcset=\"http:\/\/kirchengemeinde-schmalkalden.de\/wp-content\/uploads\/2018\/10\/Bilder-Chorgest\u00fchl-300x225.jpg 300w, http:\/\/kirchengemeinde-schmalkalden.de\/wp-content\/uploads\/2018\/10\/Bilder-Chorgest\u00fchl.jpg 640w\" sizes=\"auto, (max-width: 240px) 100vw, 240px\" \/><\/a><p id=\"caption-attachment-3670\" class=\"wp-caption-text\">restaurierte Bilder im Chorgest\u00fchl<\/p><\/div><\/li>\n<\/ul>\n<p><strong><span style=\"text-decoration: underline;\">Projekte in 2018:<\/span><\/strong><\/p>\n<ul>\n<li>neue LED-Beleuchtung f\u00fcr die Emporenbilder<\/li>\n<li>\u00a0Anschaffung einer Leinwand f\u00fcr gr\u00f6\u00dfere Veranstaltungen, Vortr\u00e4ge usw<\/li>\n<\/ul>\n<p><strong><span style=\"text-decoration: underline;\">Projekte f\u00fcr 2019:<\/span><\/strong><\/p>\n<ul>\n<li>\u00a0Beleuchtung der restlichen Emporenbilder und des Abendmahlsbildes<\/li>\n<li>Restauration der Widmungsbilder<\/li>\n<\/ul>\n<p><span style=\"text-decoration: underline;\"><strong>Projekte f\u00fcr 2020:<\/strong><\/span><\/p>\n<ul>\n<li>Restauration des kleinen Lutherbildes<\/li>\n<li>Flyer \u00fcber die Widmungsbilder<\/li>\n<\/ul>\n<p><span style=\"text-decoration: underline;\"><strong>\u00a0Projekte f\u00fcr 2021:<\/strong><\/span><\/p>\n<ul>\n<li>Restauration des Abendmahlsbildes<\/li>\n<li>Anschaffung eines Beamers f\u00fcr die Leinwand<\/li>\n<\/ul>\n<p><span style=\"text-decoration: underline;\"><strong>Projekte f\u00fcr 2022:<\/strong><\/span><\/p>\n<ul>\n<li>Restauration eines Emporenbildes<\/li>\n<li>Zuschuss zur Restaurierung der Orgel<\/li>\n<\/ul>\n<p><span style=\"text-decoration: underline;\"><strong>Projekte f\u00fcr 2023:<\/strong><\/span><\/p>\n<ul>\n<li>Zuschuss zur Restaurierung der Orgel<\/li>\n<\/ul>\n<p>&nbsp;<\/p>\n<p>&nbsp;<\/p>\n<p><strong>Werden Sie Mitglied!<\/strong><\/p>\n<p>Als Mitglied haben Sie die M\u00f6glichkeit, aktiv mitzugestalten. Sie haben Stimmrecht in der Mitgliederversammlung und entscheiden \u00fcber die Wahl des Vorstands. Und Sie haben die M\u00f6glichkeit, selbst im Vorstand mitzuarbeiten oder jederzeit Anregungen an den Vorstand heranzutragen. Die Mitgliedschaft betr\u00e4gt 30 Euro (20 Euro erm\u00e4\u00dfigt) j\u00e4hrlich. Der Mitgliedsbeitrag wird jeweils am 01.02. des aktuellen Jahres f\u00e4llig und wird per Lastschrift eingezogen.<\/p>\n<p><em><a href=\"http:\/\/www.Kirchengemeinde-Schmalkalden.de\/index.php\/forderverein-der-stadtkirche\/beitrittserklarung\" rel=\"attachment wp-att-3626\">Beitrittserkl\u00e4rung als Download <\/a><br \/>\n<\/em><\/p>\n<p><em><a href=\"http:\/\/www.Kirchengemeinde-Schmalkalden.de\/index.php\/forderverein-der-stadtkirche\/lastschrifteinzug-vorlage\" rel=\"attachment wp-att-3627\">Lastschrifteinzug als Download<\/a><\/em><\/p>\n<p>&nbsp;<\/p>\n<p><strong>Spenden Sie!<\/strong><\/p>\n<p>Sie m\u00f6chten unseren F\u00f6rderverein unterst\u00fctzen, ohne Mitglied zu werden? Dann spenden Sie f\u00fcr bestimmte Projekte oder f\u00fcr die gesamte Arbeit.<\/p>\n<p>Der F\u00f6rderverein arbeitet gemeinn\u00fctzig &#8211; deshalb k\u00f6nnen Sie Ihre Spenden auch steuerlich geltend machen.<\/p>\n<p>&nbsp;<\/p>\n<p style=\"text-align: left;\"><strong>Fo\u0308rderverein Stadtkirche St. Georg e.V.<br \/>\nRh\u00f6n-Rennsteig-Sparkasse<br \/>\nIBAN: DE50840500001505014944<br \/>\nBIC:HELADEF1RRS<\/strong><\/p>\n<p>&nbsp;<\/p>\n<p><strong><span style=\"text-decoration: underline;\">Gerne werden auch Sachspenden entgegen genommen.<\/span><\/strong><\/p>\n<h1 style=\"text-align: center;\"><span style=\"color: #ff0000;\"><strong>An dieser Stelle sagen wir herzlichen Dank f\u00fcr alle eingegangenen Spenden!<\/strong><\/span><\/h1>\n<p><strong>K\u00f6nnen Sie sich vorstellen, Mitglied unseres F\u00f6rdervereins zu werden? Wir w\u00fcrden uns \u00fcber jede neue Mitgliedschaft freuen, denn eine gro\u00dfe Gemeinschaft mit einer nur geringen finanziellen Eigenbelastung kann viel bewirken!<\/strong><\/p>\n<p>&nbsp;<\/p>\n<p>&nbsp;<\/p>\n<p>&nbsp;<\/p>\n<p>Kontakt: F\u00f6rderverein Stadtkirche St. Georg e.V., Kirchhof 3, 98574 Schmalkalden Telefon: 03683-402471<\/p>\n<p>Email: katrin.metz@ekkw.de<\/p>\n","protected":false},"excerpt":{"rendered":"<p>&#8222;Wenn einer allein tr\u00e4umt, ist es nur ein Traum. Wenn Menschen gemeinsam tr\u00e4umen, ist es der Beginn einer neuen Wirklichkeit.&#8220; &nbsp; Der am 14. Mai 2004 gegr\u00fcndete F\u00f6rderverein ist ein Zusammenschluss von aktuell 48 Menschen, die sich die Erhaltung, Pflege und Versch\u00f6nerung der Stadtkirche St. Georg und ihres Inventars zur Aufgabe gemacht haben. \u00a0Ebenfalls erm\u00f6glicht er die Neuanschaffung kirchlicher Gegenst\u00e4nde. WIR \u00dcBER UNS Vorstandsmitglieder Harald Gratz &#8211; Vorsitzender Pfarrer Manfred Schreiber &#8211; stellvertr. Vorsitzender Rainer M\u00fcller &#8211; stellvertr. Vorsitzender Katrin Metz\u00a0 &#8211; Kassenwartin Rainer Holland-Moritz &#8211; Schriftf\u00fchrer Weitere Vorstands-Mitglieder: Dekan Ralf Gebauer Sabine Weniger Thomas Kaminski Satzung FV Stadtkirche e.V. als Download &nbsp; Was macht der F\u00f6rderverein konkret? Mit einem [&hellip;]<\/p>\n","protected":false},"author":6,"featured_media":0,"parent":0,"menu_order":5,"comment_status":"open","ping_status":"closed","template":"","meta":{"footnotes":""},"class_list":["post-3613","page","type-page","status-publish","hentry"],"_links":{"self":[{"href":"http:\/\/kirchengemeinde-schmalkalden.de\/index.php\/wp-json\/wp\/v2\/pages\/3613","targetHints":{"allow":["GET"]}}],"collection":[{"href":"http:\/\/kirchengemeinde-schmalkalden.de\/index.php\/wp-json\/wp\/v2\/pages"}],"about":[{"href":"http:\/\/kirchengemeinde-schmalkalden.de\/index.php\/wp-json\/wp\/v2\/types\/page"}],"author":[{"embeddable":true,"href":"http:\/\/kirchengemeinde-schmalkalden.de\/index.php\/wp-json\/wp\/v2\/users\/6"}],"replies":[{"embeddable":true,"href":"http:\/\/kirchengemeinde-schmalkalden.de\/index.php\/wp-json\/wp\/v2\/comments?post=3613"}],"version-history":[{"count":61,"href":"http:\/\/kirchengemeinde-schmalkalden.de\/index.php\/wp-json\/wp\/v2\/pages\/3613\/revisions"}],"predecessor-version":[{"id":5805,"href":"http:\/\/kirchengemeinde-schmalkalden.de\/index.php\/wp-json\/wp\/v2\/pages\/3613\/revisions\/5805"}],"wp:attachment":[{"href":"http:\/\/kirchengemeinde-schmalkalden.de\/index.php\/wp-json\/wp\/v2\/media?parent=3613"}],"curies":[{"name":"wp","href":"https:\/\/api.w.org\/{rel}","templated":true}]}}