{"id":4872,"date":"2022-01-05T14:19:38","date_gmt":"2022-01-05T13:19:38","guid":{"rendered":"http:\/\/kirchengemeinde-schmalkalden.de\/?page_id=4872"},"modified":"2025-01-06T14:47:12","modified_gmt":"2025-01-06T13:47:12","slug":"tageslosung","status":"publish","type":"page","link":"http:\/\/kirchengemeinde-schmalkalden.de\/index.php\/tageslosung","title":{"rendered":"Tageslosung"},"content":{"rendered":"<p><a href=\"https:\/\/www.losungen.de\/fileadmin\/media-losungen\/kalender\/kalender.html\">http:\/\/www.losungen.de\/heute.php<\/a><\/p>\n<p>&nbsp;<\/p>\n<div class=\"csc-header csc-header-n3\">\n<h2>Die Losungen als App<\/h2>\n<\/div>\n<div class=\"csc-textpic csc-textpic-center csc-textpic-below\">\n<div class=\"csc-textpic-text\">\n<p>Die App f\u00fcr Ihr Smartphone beinhaltet die Losungstexte des gesamten Jahres und erm\u00f6glicht nach Erscheinen des neuen Jahrgangs eine Aktualisierung der Daten.<\/p>\n<p>Der Download ist \u00fcber den jeweiligen App-Store kostenlos m\u00f6glich. Nach der Installation zeigt die App die Tagestexte (Losung und Lehrtext) des jeweiligen Tages aktuell an. \u00dcber den Link der Bibelstellenangaben k\u00f6nnen Sie den Kontext in der jeweiligen \u00dcbersetzung in der Online-Bibel der Deutschen Bibelgesellschaft lesen.<\/p>\n<\/div>\n<div id=\"attachment_4877\" style=\"width: 372px\" class=\"wp-caption aligncenter\"><img loading=\"lazy\" decoding=\"async\" aria-describedby=\"caption-attachment-4877\" class=\"wp-image-4877\" src=\"http:\/\/kirchengemeinde-schmalkalden.de\/wp-content\/uploads\/2022\/01\/81123_foto1_jahreslosung2022_rgb-300x200.jpg\" alt=\"\" width=\"362\" height=\"241\" srcset=\"http:\/\/kirchengemeinde-schmalkalden.de\/wp-content\/uploads\/2022\/01\/81123_foto1_jahreslosung2022_rgb-300x200.jpg 300w, http:\/\/kirchengemeinde-schmalkalden.de\/wp-content\/uploads\/2022\/01\/81123_foto1_jahreslosung2022_rgb-768x512.jpg 768w, http:\/\/kirchengemeinde-schmalkalden.de\/wp-content\/uploads\/2022\/01\/81123_foto1_jahreslosung2022_rgb-2000x1334.jpg 2000w\" sizes=\"auto, (max-width: 362px) 100vw, 362px\" \/><p id=\"caption-attachment-4877\" class=\"wp-caption-text\">Grafik\/Foto: medio.tv\/Dellit\/Schauderna<\/p><\/div>\n<div class=\"csc-textpic-imagewrap\" data-csc-images=\"6\" data-csc-cols=\"3\">\n<div class=\"csc-textpic-center-outer\">\n<div class=\"csc-textpic-center-inner\">\n<div class=\"csc-textpic-imagerow\">\n<div class=\"csc-textpic-imagecolumn csc-textpic-firstcol\"><\/div>\n<div class=\"csc-textpic-imagecolumn\"><\/div>\n<div class=\"csc-textpic-imagecolumn csc-textpic-lastcol\"><\/div>\n<\/div>\n<div class=\"csc-textpic-imagerow csc-textpic-imagerow-last\">\n<div class=\"csc-textpic-imagecolumn csc-textpic-firstcol\"><\/div>\n<div class=\"csc-textpic-imagecolumn\"><\/div>\n<div class=\"csc-textpic-imagecolumn csc-textpic-lastcol\"><\/div>\n<\/div>\n<\/div>\n<\/div>\n<\/div>\n<\/div>\n<p>&nbsp;<\/p>\n","protected":false},"excerpt":{"rendered":"<p>http:\/\/www.losungen.de\/heute.php &nbsp; Die Losungen als App Die App f\u00fcr Ihr Smartphone beinhaltet die Losungstexte des gesamten Jahres und erm\u00f6glicht nach Erscheinen des neuen Jahrgangs eine Aktualisierung der Daten. Der Download ist \u00fcber den jeweiligen App-Store kostenlos m\u00f6glich. Nach der Installation zeigt die App die Tagestexte (Losung und Lehrtext) des jeweiligen Tages aktuell an. \u00dcber den Link der Bibelstellenangaben k\u00f6nnen Sie den Kontext in der jeweiligen \u00dcbersetzung in der Online-Bibel der Deutschen Bibelgesellschaft lesen. &nbsp;<\/p>\n","protected":false},"author":6,"featured_media":0,"parent":0,"menu_order":0,"comment_status":"closed","ping_status":"closed","template":"","meta":{"footnotes":""},"class_list":["post-4872","page","type-page","status-publish","hentry"],"_links":{"self":[{"href":"http:\/\/kirchengemeinde-schmalkalden.de\/index.php\/wp-json\/wp\/v2\/pages\/4872","targetHints":{"allow":["GET"]}}],"collection":[{"href":"http:\/\/kirchengemeinde-schmalkalden.de\/index.php\/wp-json\/wp\/v2\/pages"}],"about":[{"href":"http:\/\/kirchengemeinde-schmalkalden.de\/index.php\/wp-json\/wp\/v2\/types\/page"}],"author":[{"embeddable":true,"href":"http:\/\/kirchengemeinde-schmalkalden.de\/index.php\/wp-json\/wp\/v2\/users\/6"}],"replies":[{"embeddable":true,"href":"http:\/\/kirchengemeinde-schmalkalden.de\/index.php\/wp-json\/wp\/v2\/comments?post=4872"}],"version-history":[{"count":9,"href":"http:\/\/kirchengemeinde-schmalkalden.de\/index.php\/wp-json\/wp\/v2\/pages\/4872\/revisions"}],"predecessor-version":[{"id":5816,"href":"http:\/\/kirchengemeinde-schmalkalden.de\/index.php\/wp-json\/wp\/v2\/pages\/4872\/revisions\/5816"}],"wp:attachment":[{"href":"http:\/\/kirchengemeinde-schmalkalden.de\/index.php\/wp-json\/wp\/v2\/media?parent=4872"}],"curies":[{"name":"wp","href":"https:\/\/api.w.org\/{rel}","templated":true}]}}