{"id":5003,"date":"2022-03-24T10:57:41","date_gmt":"2022-03-24T09:57:41","guid":{"rendered":"http:\/\/kirchengemeinde-schmalkalden.de\/?page_id=5003"},"modified":"2023-01-27T10:57:11","modified_gmt":"2023-01-27T09:57:11","slug":"jugendclub-k3","status":"publish","type":"page","link":"http:\/\/kirchengemeinde-schmalkalden.de\/index.php\/jugendclub-k3","title":{"rendered":"Jugendclub K3"},"content":{"rendered":"<h2 style=\"text-align: center;\"><span style=\"color: #ff0000;\"><strong>Neue \u00d6ffnungszeiten ab Februar 2023:<\/strong><\/span><\/h2>\n<h2 style=\"text-align: center;\"><span style=\"color: #ff0000;\">Dienstags 16-19 Uhr<\/span><br \/>\n<span style=\"color: #ff0000;\">(feste Angebote f\u00fcr 11-12-j\u00e4hrige)<\/span><br \/>\n<span style=\"color: #ff0000;\">Mittwochs 14-17 Uhr<\/span><br \/>\n<span style=\"color: #ff0000;\">(Sch\u00fclercafe) <\/span><br \/>\n<span style=\"color: #ff0000;\">Donnerstags 15-18 Uhr<\/span><br \/>\n<span style=\"color: #ff0000;\">Freitags 14.30-19 Uhr<\/span><\/h2>\n<h2 style=\"text-align: center;\"><strong>Bei Fragen wendet euch einfach an Judith Frank unter Telefon: 0171-3558115 oder per mail: judith.frank@ekkw.de<\/strong><\/h2>\n<p>&nbsp;<\/p>\n<p>&nbsp;<\/p>\n<h1 style=\"text-align: center;\"><a href=\"http:\/\/kirchengemeinde-schmalkalden.de\/wp-content\/uploads\/2022\/03\/K3-Jugendclub_Visitenk\u00e4rtchen.pdf\"><br \/>\n<img loading=\"lazy\" decoding=\"async\" class=\"alignleft wp-image-5007\" src=\"http:\/\/kirchengemeinde-schmalkalden.de\/wp-content\/uploads\/2022\/03\/0002-300x212.jpg\" alt=\"\" width=\"677\" height=\"479\" srcset=\"http:\/\/kirchengemeinde-schmalkalden.de\/wp-content\/uploads\/2022\/03\/0002-300x212.jpg 300w, http:\/\/kirchengemeinde-schmalkalden.de\/wp-content\/uploads\/2022\/03\/0002-768x543.jpg 768w, http:\/\/kirchengemeinde-schmalkalden.de\/wp-content\/uploads\/2022\/03\/0002-2000x1414.jpg 2000w\" sizes=\"auto, (max-width: 677px) 100vw, 677px\" \/><img loading=\"lazy\" decoding=\"async\" class=\"alignright wp-image-5006\" src=\"http:\/\/kirchengemeinde-schmalkalden.de\/wp-content\/uploads\/2022\/03\/0001-300x212.jpg\" alt=\"\" width=\"682\" height=\"482\" srcset=\"http:\/\/kirchengemeinde-schmalkalden.de\/wp-content\/uploads\/2022\/03\/0001-300x212.jpg 300w, http:\/\/kirchengemeinde-schmalkalden.de\/wp-content\/uploads\/2022\/03\/0001-768x543.jpg 768w, http:\/\/kirchengemeinde-schmalkalden.de\/wp-content\/uploads\/2022\/03\/0001-2000x1414.jpg 2000w\" sizes=\"auto, (max-width: 682px) 100vw, 682px\" \/><br \/>\n<\/a><img loading=\"lazy\" decoding=\"async\" class=\"aligncenter wp-image-5005\" src=\"http:\/\/kirchengemeinde-schmalkalden.de\/wp-content\/uploads\/2022\/03\/Logo-300x217.jpg\" alt=\"\" width=\"644\" height=\"466\" srcset=\"http:\/\/kirchengemeinde-schmalkalden.de\/wp-content\/uploads\/2022\/03\/Logo-300x217.jpg 300w, http:\/\/kirchengemeinde-schmalkalden.de\/wp-content\/uploads\/2022\/03\/Logo.jpg 665w\" sizes=\"auto, (max-width: 644px) 100vw, 644px\" \/><a href=\"http:\/\/kirchengemeinde-schmalkalden.de\/wp-content\/uploads\/2022\/03\/K3-Jugendclub_Visitenk\u00e4rtchen.pdf\">K3- Jugendclub_Termine zum Download<\/a><\/h1>\n<section class=\"elementor-section elementor-inner-section elementor-element elementor-element-60afab34 elementor-section-boxed elementor-section-height-default elementor-section-height-default\" data-id=\"60afab34\" data-element_type=\"section\">\n<div class=\"elementor-container elementor-column-gap-default\">\n<div class=\"elementor-row\">\n<div class=\"elementor-column elementor-col-100 elementor-inner-column elementor-element elementor-element-4bf7cbe\" data-id=\"4bf7cbe\" data-element_type=\"column\">\n<div class=\"elementor-column-wrap elementor-element-populated\">\n<div class=\"elementor-widget-wrap\">\n<div class=\"elementor-element elementor-element-23c95b0f elementor-widget elementor-widget-heading\" data-id=\"23c95b0f\" data-element_type=\"widget\" data-widget_type=\"heading.default\">\n<div class=\"elementor-widget-container\">\n<h3 class=\"elementor-heading-title elementor-size-default\">Hier: <strong><a href=\"https:\/\/jugendscheune.eksm.de\/\">JUGENDSCHEUNE \u2013 ev. Jugend Kirchenkreis Schmalkalden<\/a>\u00a0<\/strong>bekommt ihr viele Infos aus den verschiedenen Regionen und Rubriken der Kinder- und Jugendarbeit unseres Kirchenkreises, denn:<\/h3>\n<\/div>\n<\/div>\n<div class=\"elementor-element elementor-element-7ddeee74 elementor-widget elementor-widget-heading\" data-id=\"7ddeee74\" data-element_type=\"widget\" data-widget_type=\"heading.default\">\n<div class=\"elementor-widget-container\">\n<h2 class=\"elementor-heading-title elementor-size-default\">Wir machen uns stark f\u00fcr Kinder &amp; Jugendliche!<\/h2>\n<\/div>\n<\/div>\n<\/div>\n<\/div>\n<\/div>\n<\/div>\n<\/div>\n<\/section>\n<section class=\"elementor-section elementor-inner-section elementor-element elementor-element-22eb5d26 elementor-section-boxed elementor-section-height-default elementor-section-height-default\" data-id=\"22eb5d26\" data-element_type=\"section\">\n<div class=\"elementor-container elementor-column-gap-default\">\n<div class=\"elementor-row\">\n<div class=\"elementor-column elementor-col-100 elementor-inner-column elementor-element elementor-element-2bdf2edf\" data-id=\"2bdf2edf\" data-element_type=\"column\">\n<div class=\"elementor-column-wrap elementor-element-populated\">\n<div class=\"elementor-widget-wrap\">\n<div class=\"elementor-element elementor-element-b3c76c6 elementor-widget elementor-widget-heading\" data-id=\"b3c76c6\" data-element_type=\"widget\" data-widget_type=\"heading.default\">\n<div class=\"elementor-widget-container\">\n<h4 class=\"elementor-heading-title elementor-size-default\">EV. JUGENDARBEIT IM KIRCHENKREIS SCHMALKALDEN<\/h4>\n<\/div>\n<\/div>\n<\/div>\n<\/div>\n<\/div>\n<\/div>\n<\/div>\n<\/section>\n<p style=\"text-align: center;\">\n","protected":false},"excerpt":{"rendered":"<p>Neue \u00d6ffnungszeiten ab Februar 2023: Dienstags 16-19 Uhr (feste Angebote f\u00fcr 11-12-j\u00e4hrige) Mittwochs 14-17 Uhr (Sch\u00fclercafe) Donnerstags 15-18 Uhr Freitags 14.30-19 Uhr Bei Fragen wendet euch einfach an Judith Frank unter Telefon: 0171-3558115 oder per mail: judith.frank@ekkw.de &nbsp; &nbsp; K3- Jugendclub_Termine zum Download Hier: JUGENDSCHEUNE \u2013 ev. Jugend Kirchenkreis Schmalkalden\u00a0bekommt ihr viele Infos aus den verschiedenen Regionen und Rubriken der Kinder- und Jugendarbeit unseres Kirchenkreises, denn: Wir machen uns stark f\u00fcr Kinder &amp; Jugendliche! EV. JUGENDARBEIT IM KIRCHENKREIS SCHMALKALDEN<\/p>\n","protected":false},"author":6,"featured_media":0,"parent":0,"menu_order":0,"comment_status":"closed","ping_status":"closed","template":"","meta":{"footnotes":""},"class_list":["post-5003","page","type-page","status-publish","hentry"],"_links":{"self":[{"href":"http:\/\/kirchengemeinde-schmalkalden.de\/index.php\/wp-json\/wp\/v2\/pages\/5003","targetHints":{"allow":["GET"]}}],"collection":[{"href":"http:\/\/kirchengemeinde-schmalkalden.de\/index.php\/wp-json\/wp\/v2\/pages"}],"about":[{"href":"http:\/\/kirchengemeinde-schmalkalden.de\/index.php\/wp-json\/wp\/v2\/types\/page"}],"author":[{"embeddable":true,"href":"http:\/\/kirchengemeinde-schmalkalden.de\/index.php\/wp-json\/wp\/v2\/users\/6"}],"replies":[{"embeddable":true,"href":"http:\/\/kirchengemeinde-schmalkalden.de\/index.php\/wp-json\/wp\/v2\/comments?post=5003"}],"version-history":[{"count":10,"href":"http:\/\/kirchengemeinde-schmalkalden.de\/index.php\/wp-json\/wp\/v2\/pages\/5003\/revisions"}],"predecessor-version":[{"id":5393,"href":"http:\/\/kirchengemeinde-schmalkalden.de\/index.php\/wp-json\/wp\/v2\/pages\/5003\/revisions\/5393"}],"wp:attachment":[{"href":"http:\/\/kirchengemeinde-schmalkalden.de\/index.php\/wp-json\/wp\/v2\/media?parent=5003"}],"curies":[{"name":"wp","href":"https:\/\/api.w.org\/{rel}","templated":true}]}}