{"id":5784,"date":"2024-11-28T11:11:59","date_gmt":"2024-11-28T10:11:59","guid":{"rendered":"http:\/\/kirchengemeinde-schmalkalden.de\/?page_id=5784"},"modified":"2025-08-26T08:28:05","modified_gmt":"2025-08-26T06:28:05","slug":"veranstaltungen","status":"publish","type":"page","link":"http:\/\/kirchengemeinde-schmalkalden.de\/index.php\/veranstaltungen","title":{"rendered":"Veranstaltungen"},"content":{"rendered":"<h1>Veranstaltungen der Landeskirchlichen Gemeinschaft <strong>(LKG) <\/strong>im Gemeinschaftshaus Asbach, K\u00e4bach 34<\/h1>\n<p><strong>Gemeinschaftsgottesdienste<\/strong> sonntags 14.30 Uhr, letzter Sonntag <strong>18.00 Uhr<\/strong><\/p>\n<p><strong>Posaunenchor: <\/strong>dienstags 19.30Uhr <strong>\u00a0<\/strong><\/p>\n<p><strong>Bibelgespr\u00e4ch:<\/strong> mittwochs 19.30 Uhr, au\u00dfer 1. Mittwoch \u2013 daf\u00fcr<\/p>\n<p><strong>Gespr\u00e4chskreis<\/strong> (f\u00fcr \u201eJedermann\u201c) &#8211; jeden 1. Mittwoch ab 20.00 Uhr Bibel- und Alltagsthemen<\/p>\n<p><strong>K\u00e4bacher Einkehrzeit <\/strong>(f\u00fcr Senioren)<strong>: jeden <\/strong>1. Donnerstag des Monats 15.00 Uhr, im Haus der LKG<\/p>\n<p><strong>Jugendkreis<\/strong> freitags 19.30 Uhr<\/p>\n<p><strong>Chor:<\/strong> freitags 18.30 Uhr<\/p>\n<p><strong>Kinder- und Teentreff <\/strong>(5-9 und 10-14 Jahre)<strong>: <\/strong>3. Samstag im Monat, 10.00 \u2013 12.30 Uhr gegeben<\/p>\n<p><strong><u>Besondere Termine und w<\/u><\/strong>eitere Infos \u00fcber die aktuellen Veranstaltungen auf unserer Homepage <a href=\"http:\/\/www.lkg-asbach.de\">www.lkg-asbach.de<\/a><\/p>\n<p>&nbsp;<\/p>\n<p>&nbsp;<\/p>\n<h1>Landeskirchliche Gemeinschaft Schmalkalden<\/h1>\n<h1>Gottesdienste und Veranstaltungen im Gemeinschaftshaus K\u00fcnkelsgasse 30<\/h1>\n<p><strong><u>Gemeinschaftsgottesdienste:<\/u><\/strong><\/p>\n<p>sonntags: \u00a0\u00a0\u00a0 16.30 Uhr<\/p>\n<p><strong>\u00dcberregionale Gemeinschaftsgottesdienste finden Sie auf der Hompage<\/strong><\/p>\n<p><strong><u>Bibel im Gespr\u00e4ch \/<\/u><\/strong><strong><u>Bibel &amp; Kaffee\/\u00a0<\/u><\/strong><strong><u>Thema im Gespr\u00e4ch \/<\/u><\/strong><strong><u>Besonderes:<\/u><\/strong><\/p>\n<p>Weitere Infos \u00fcber die aktuellen Veranstaltungen auf unserer Homepage <a href=\"http:\/\/www.lkg-asbach.de\">www.lkg-schmalkalden.de<\/a><\/p>\n<p>&nbsp;<\/p>\n","protected":false},"excerpt":{"rendered":"<p>Veranstaltungen der Landeskirchlichen Gemeinschaft (LKG) im Gemeinschaftshaus Asbach, K\u00e4bach 34 Gemeinschaftsgottesdienste sonntags 14.30 Uhr, letzter Sonntag 18.00 Uhr Posaunenchor: dienstags 19.30Uhr \u00a0 Bibelgespr\u00e4ch: mittwochs 19.30 Uhr, au\u00dfer 1. Mittwoch \u2013 daf\u00fcr Gespr\u00e4chskreis (f\u00fcr \u201eJedermann\u201c) &#8211; jeden 1. Mittwoch ab 20.00 Uhr Bibel- und Alltagsthemen K\u00e4bacher Einkehrzeit (f\u00fcr Senioren): jeden 1. Donnerstag des Monats 15.00 Uhr, im Haus der LKG Jugendkreis freitags 19.30 Uhr Chor: freitags 18.30 Uhr Kinder- und Teentreff (5-9 und 10-14 Jahre): 3. Samstag im Monat, 10.00 \u2013 12.30 Uhr gegeben Besondere Termine und weitere Infos \u00fcber die aktuellen Veranstaltungen auf unserer Homepage www.lkg-asbach.de &nbsp; &nbsp; Landeskirchliche Gemeinschaft Schmalkalden Gottesdienste und Veranstaltungen im Gemeinschaftshaus K\u00fcnkelsgasse 30 Gemeinschaftsgottesdienste: sonntags: [&hellip;]<\/p>\n","protected":false},"author":6,"featured_media":0,"parent":0,"menu_order":0,"comment_status":"closed","ping_status":"closed","template":"","meta":{"footnotes":""},"class_list":["post-5784","page","type-page","status-publish","hentry"],"_links":{"self":[{"href":"http:\/\/kirchengemeinde-schmalkalden.de\/index.php\/wp-json\/wp\/v2\/pages\/5784","targetHints":{"allow":["GET"]}}],"collection":[{"href":"http:\/\/kirchengemeinde-schmalkalden.de\/index.php\/wp-json\/wp\/v2\/pages"}],"about":[{"href":"http:\/\/kirchengemeinde-schmalkalden.de\/index.php\/wp-json\/wp\/v2\/types\/page"}],"author":[{"embeddable":true,"href":"http:\/\/kirchengemeinde-schmalkalden.de\/index.php\/wp-json\/wp\/v2\/users\/6"}],"replies":[{"embeddable":true,"href":"http:\/\/kirchengemeinde-schmalkalden.de\/index.php\/wp-json\/wp\/v2\/comments?post=5784"}],"version-history":[{"count":5,"href":"http:\/\/kirchengemeinde-schmalkalden.de\/index.php\/wp-json\/wp\/v2\/pages\/5784\/revisions"}],"predecessor-version":[{"id":6010,"href":"http:\/\/kirchengemeinde-schmalkalden.de\/index.php\/wp-json\/wp\/v2\/pages\/5784\/revisions\/6010"}],"wp:attachment":[{"href":"http:\/\/kirchengemeinde-schmalkalden.de\/index.php\/wp-json\/wp\/v2\/media?parent=5784"}],"curies":[{"name":"wp","href":"https:\/\/api.w.org\/{rel}","templated":true}]}}