{"id":87,"date":"2008-02-05T19:30:39","date_gmt":"2008-02-05T18:30:39","guid":{"rendered":"http:\/\/www.kirchengemeinde-schmalkalden.de\/kirchenmusik-termine-2008"},"modified":"2026-02-26T10:19:54","modified_gmt":"2026-02-26T09:19:54","slug":"kirchenmusik","status":"publish","type":"page","link":"http:\/\/kirchengemeinde-schmalkalden.de\/index.php\/kirchenmusik","title":{"rendered":"Kirchenmusik"},"content":{"rendered":"<p>&nbsp;<\/p>\n<p>&nbsp;<\/p>\n<p><img loading=\"lazy\" decoding=\"async\" class=\"alignright size-large wp-image-6123\" src=\"http:\/\/kirchengemeinde-schmalkalden.de\/wp-content\/uploads\/2026\/02\/PlakatJP26-1414x2000.jpg\" alt=\"\" width=\"1414\" height=\"2000\" srcset=\"http:\/\/kirchengemeinde-schmalkalden.de\/wp-content\/uploads\/2026\/02\/PlakatJP26-1414x2000.jpg 1414w, http:\/\/kirchengemeinde-schmalkalden.de\/wp-content\/uploads\/2026\/02\/PlakatJP26-212x300.jpg 212w, http:\/\/kirchengemeinde-schmalkalden.de\/wp-content\/uploads\/2026\/02\/PlakatJP26-768x1086.jpg 768w, http:\/\/kirchengemeinde-schmalkalden.de\/wp-content\/uploads\/2026\/02\/PlakatJP26-1086x1536.jpg 1086w, http:\/\/kirchengemeinde-schmalkalden.de\/wp-content\/uploads\/2026\/02\/PlakatJP26-1448x2048.jpg 1448w, http:\/\/kirchengemeinde-schmalkalden.de\/wp-content\/uploads\/2026\/02\/PlakatJP26-scaled.jpg 1810w\" sizes=\"auto, (max-width: 1414px) 100vw, 1414px\" \/><\/p>\n<p>&nbsp;<\/p>\n<p><strong>Druckluft, Seife und Verst\u00e4rker \u2013 zum Stand der Orgelrenovierung<img loading=\"lazy\" decoding=\"async\" class=\"alignright size-medium wp-image-5464\" src=\"http:\/\/kirchengemeinde-schmalkalden.de\/wp-content\/uploads\/2023\/04\/PHOTO-2023-04-25-12-24-36-300x225.jpg\" alt=\"\" width=\"300\" height=\"225\" srcset=\"http:\/\/kirchengemeinde-schmalkalden.de\/wp-content\/uploads\/2023\/04\/PHOTO-2023-04-25-12-24-36-300x225.jpg 300w, http:\/\/kirchengemeinde-schmalkalden.de\/wp-content\/uploads\/2023\/04\/PHOTO-2023-04-25-12-24-36-768x576.jpg 768w, http:\/\/kirchengemeinde-schmalkalden.de\/wp-content\/uploads\/2023\/04\/PHOTO-2023-04-25-12-24-36-1536x1152.jpg 1536w, http:\/\/kirchengemeinde-schmalkalden.de\/wp-content\/uploads\/2023\/04\/PHOTO-2023-04-25-12-24-36.jpg 2000w\" sizes=\"auto, (max-width: 300px) 100vw, 300px\" \/> <\/strong><\/p>\n<p>Am Montag, dem 27. M\u00e4rz ging es los: Gegen Mittag trafen die Orgelbauer der Firma \u201eMitteldeutscher Orgelbau\u201c aus Bad Liebenwerda ein. Nach ungef\u00e4hr einer Stunde Besprechung begannen wir, die Pfeifen unserer Orgel abzur\u00e4umen und nach unten vor das Nordportal zu tragen \u2013 Bank f\u00fcr Bank. Etliche flei\u00dfige Gemeindeglieder hatten sich eingefunden, um zu helfen.<\/p>\n<p>Mit einem Schuss Druckluft wurde der grobe Schmutz in den Pfeifen vor der Kirche \u201eherausgepustet\u201c, anschlie\u00dfend Pfeifenstock und Pfeifen mit einem Schimmelbek\u00e4mpfungsmittel in der Kirche ausgereinigt. Das Ergebnis l\u00e4sst sich auf der S\u00fcd- und Westempore sehen: Seit Mittwoch, 29. M\u00e4rz, stehen die knapp 2500 Pfeifen, die nur wenig bearbeitet werden m\u00fcssen (und einige, die<\/p>\n<p>nicht wieder eingebaut werden) fein s\u00e4uberlich sortiert und gereinigt auf den B\u00e4nken und warten darauf, wieder eingebaut zu werden. Durch die Mithilfe so vieler Gemeindeglieder waren wir einen Tag fr\u00fcher fertig als geplant, was einen guten Betrag an Finanzmitteln eingespart hat. Ein gro\u00dfer Dank an alle Helferinnen und Helfer! <img loading=\"lazy\" decoding=\"async\" class=\"aligncenter size-medium wp-image-5466\" src=\"http:\/\/kirchengemeinde-schmalkalden.de\/wp-content\/uploads\/2023\/04\/PHOTO-2023-04-25-12-24-39-6-225x300.jpg\" alt=\"\" width=\"225\" height=\"300\" srcset=\"http:\/\/kirchengemeinde-schmalkalden.de\/wp-content\/uploads\/2023\/04\/PHOTO-2023-04-25-12-24-39-6-225x300.jpg 225w, http:\/\/kirchengemeinde-schmalkalden.de\/wp-content\/uploads\/2023\/04\/PHOTO-2023-04-25-12-24-39-6.jpg 768w\" sizes=\"auto, (max-width: 225px) 100vw, 225px\" \/><\/p>\n<p>In der Orgel verblieben sind die Prospektpfeifen (die sichtbaren vorne) von 2002 \u2013 sie k\u00f6nnen nur mit einem Ger\u00fcst entnommen werden \u2013 und die gro\u00dfen Pfeifen des Principals 16 Fu\u00df \u2013 sie sind schlicht zu gro\u00df, sie werden in der Orgel behandelt. Alle Pfeifen, die einen Umbau n\u00f6tig haben, wurden von den Orgelbauern nach Bad Liebenwerda in die Werkstatt mitgenommen.<\/p>\n<p>Wie geht es nun weiter?<\/p>\n<p>In einer zweiten Phase im Sommer wird der neue Spieltisch geliefert, die restliche Verkabelung inkl. des alten Spieltisches entfernt und die neue Technik eingebaut. In der dritten Bauphase im Herbst werden die neuen Register geliefert, alles wieder eingebaut und das Instrument komplett neu intoniert \u2013 das hei\u00dft: Jede Pfeife wird neu auf den Raum und seine Akustik abgestimmt. Laut Planung wird die Orgel im Dezember 2023 wieder einsatzf\u00e4hig sein. Seien Sie gespannt auf die Festlichkeiten!<\/p>\n<p>Und bis dann?<\/p>\n<p>Um den Gottesdienst instrumental begleiten zu k\u00f6nnen, wurde eine Beschallungsanlage mit zwei gro\u00dfen Lautsprechern installiert (rechts neben der Kanzel und an der Nordempore). Mit ihr ist die Begleitung am Stage-Piano m\u00f6glich, und \u00fcber Mikrofone k\u00f6nnen S\u00e4nger:Innen, Instrumente jeder Art und sogar eine gr\u00f6\u00dfere Band sinnvoll verst\u00e4rkt werden.<\/p>\n<p>Auch ein Fernsehteam hat den Abbau der Orgel begleitet. Schauen Sie doch mal rein:<\/p>\n<p><a href=\"https:\/\/www.srf-online.de\/mediathek\/6360\/Neuer_Klang_fuer_St_Georg.html\"><strong>Neuer Klang f\u00fcr St. Georg &#8211; S\u00fcdth\u00fcringer Regionalfernsehen GmbH (srf-online.de)<\/strong><\/a><\/p>\n<h1>&#8212;&#8212;&#8212;&#8212;&#8212;&#8212;&#8212;&#8212;&#8212;&#8212;&#8212;&#8212;&#8212;&#8212;&#8212;&#8212;&#8212;&#8212;&#8212;&#8212;&#8212;&#8212;&#8212;&#8212;&#8212;&#8212;&#8212;&#8212;&#8212;&#8212;&#8212;&#8212;&#8212;&#8212;&#8212;&#8212;&#8212;&#8212;-<\/h1>\n<h1>Unsere Kirchenmusiker\/innen<\/h1>\n<p>Stadtkirche St. Georg, Kirche Weidebrunn:<\/p>\n<p>Kantor <a href=\"http:\/\/www.andreasconrad.com\">Andreas Conrad<\/a><\/p>\n<p>Kirchsaal N\u00e4herstille: Monika Mohr<\/p>\n<p>Kirchsaal Breitenbach: Antje Krannich<\/p>\n<p>Kirchsaal Mittelstille: Kantor Andreas Conrad<\/p>\n<p>Andachten, Taize, Orgelmusiken: Wolfgang Wei\u00df<\/p>\n<p>&nbsp;<\/p>\n<p>&nbsp;<\/p>\n<p>&nbsp;<\/p>\n<p>&nbsp;<\/p>\n<p>&nbsp;<\/p>\n<p>&nbsp;<\/p>\n<p>&nbsp;<\/p>\n<p>&nbsp;<\/p>\n<p>&nbsp;<\/p>\n<p>&nbsp;<\/p>\n<p>&nbsp;<\/p>\n<hr \/>\n","protected":false},"excerpt":{"rendered":"<p>&nbsp; &nbsp; &nbsp; Druckluft, Seife und Verst\u00e4rker \u2013 zum Stand der Orgelrenovierung Am Montag, dem 27. M\u00e4rz ging es los: Gegen Mittag trafen die Orgelbauer der Firma \u201eMitteldeutscher Orgelbau\u201c aus Bad Liebenwerda ein. Nach ungef\u00e4hr einer Stunde Besprechung begannen wir, die Pfeifen unserer Orgel abzur\u00e4umen und nach unten vor das Nordportal zu tragen \u2013 Bank f\u00fcr Bank. Etliche flei\u00dfige Gemeindeglieder hatten sich eingefunden, um zu helfen. Mit einem Schuss Druckluft wurde der grobe Schmutz in den Pfeifen vor der Kirche \u201eherausgepustet\u201c, anschlie\u00dfend Pfeifenstock und Pfeifen mit einem Schimmelbek\u00e4mpfungsmittel in der Kirche ausgereinigt. Das Ergebnis l\u00e4sst sich auf der S\u00fcd- und Westempore sehen: Seit Mittwoch, 29. M\u00e4rz, stehen die knapp 2500 [&hellip;]<\/p>\n","protected":false},"author":6,"featured_media":0,"parent":0,"menu_order":5,"comment_status":"closed","ping_status":"closed","template":"","meta":{"footnotes":""},"class_list":["post-87","page","type-page","status-publish","hentry"],"_links":{"self":[{"href":"http:\/\/kirchengemeinde-schmalkalden.de\/index.php\/wp-json\/wp\/v2\/pages\/87","targetHints":{"allow":["GET"]}}],"collection":[{"href":"http:\/\/kirchengemeinde-schmalkalden.de\/index.php\/wp-json\/wp\/v2\/pages"}],"about":[{"href":"http:\/\/kirchengemeinde-schmalkalden.de\/index.php\/wp-json\/wp\/v2\/types\/page"}],"author":[{"embeddable":true,"href":"http:\/\/kirchengemeinde-schmalkalden.de\/index.php\/wp-json\/wp\/v2\/users\/6"}],"replies":[{"embeddable":true,"href":"http:\/\/kirchengemeinde-schmalkalden.de\/index.php\/wp-json\/wp\/v2\/comments?post=87"}],"version-history":[{"count":528,"href":"http:\/\/kirchengemeinde-schmalkalden.de\/index.php\/wp-json\/wp\/v2\/pages\/87\/revisions"}],"predecessor-version":[{"id":6124,"href":"http:\/\/kirchengemeinde-schmalkalden.de\/index.php\/wp-json\/wp\/v2\/pages\/87\/revisions\/6124"}],"wp:attachment":[{"href":"http:\/\/kirchengemeinde-schmalkalden.de\/index.php\/wp-json\/wp\/v2\/media?parent=87"}],"curies":[{"name":"wp","href":"https:\/\/api.w.org\/{rel}","templated":true}]}}