{"id":1187,"date":"2013-07-14T16:47:44","date_gmt":"2013-07-14T15:47:44","guid":{"rendered":"http:\/\/www.Kirchengemeinde-Schmalkalden.de\/?page_id=1187"},"modified":"2025-08-11T14:11:12","modified_gmt":"2025-08-11T12:11:12","slug":"pfaffengasse","status":"publish","type":"page","link":"https:\/\/kirchengemeinde-schmalkalden.de\/index.php\/kindergarten\/pfaffengasse","title":{"rendered":"Evangelischer Kindergarten &#8222;Friedrich Fr\u00f6bel&#8220;"},"content":{"rendered":"<p><strong>Evangelischer Kindergarten ,,Friedrich Fr\u00f6bel\u201c<img loading=\"lazy\" decoding=\"async\" class=\"alignright size-large wp-image-5987\" src=\"http:\/\/kirchengemeinde-schmalkalden.de\/wp-content\/uploads\/2025\/07\/Kindergarten-Vorderansicht-2000x1502.jpg\" alt=\"\" width=\"2000\" height=\"1502\" srcset=\"https:\/\/kirchengemeinde-schmalkalden.de\/wp-content\/uploads\/2025\/07\/Kindergarten-Vorderansicht-2000x1502.jpg 2000w, https:\/\/kirchengemeinde-schmalkalden.de\/wp-content\/uploads\/2025\/07\/Kindergarten-Vorderansicht-300x225.jpg 300w, https:\/\/kirchengemeinde-schmalkalden.de\/wp-content\/uploads\/2025\/07\/Kindergarten-Vorderansicht-768x577.jpg 768w, https:\/\/kirchengemeinde-schmalkalden.de\/wp-content\/uploads\/2025\/07\/Kindergarten-Vorderansicht-1536x1153.jpg 1536w, https:\/\/kirchengemeinde-schmalkalden.de\/wp-content\/uploads\/2025\/07\/Kindergarten-Vorderansicht-2048x1538.jpg 2048w\" sizes=\"auto, (max-width: 2000px) 100vw, 2000px\" \/><\/strong><\/p>\n<p><strong>\u00a0<\/strong>Nicht weit vom Stadtzentrum entfernt, unterhalb vom Schloss Wilhelmsburg, befindet sich unser Kindergarten in der Pfaffengasse. 1877 wurde er als ,,Kinderbewahranstalt\u201c eingeweiht und ist damit der \u00e4lteste Kindergarten in der Stadt Schmalkalden.<\/p>\n<p>In unserer <strong>kleinen famili\u00e4ren Einrichtung<\/strong> mit derzeit <strong>53 Pl\u00e4tzen<\/strong> spielen und lernen die Kinder in zwei altersgemischten Gruppen im Alter von 3-6 Jahren sowie 2 Krippengruppen (Ein- bis Zweij\u00e4hrige und Zwei-bis Dreij\u00e4hrige).<\/p>\n<p>Tr\u00e4ger der Einrichtung ist die Evangelische Kirchengemeinde Schmalkalden. Wir beteiligen uns an Aktivit\u00e4ten und Veranstaltungen der Kirchengemeinde.<\/p>\n<p>Als evangelische Einrichtung ist das <strong>christliche Menschenbild<\/strong> das Fundament unserer Arbeit.<\/p>\n<p>Die Kinder erfahren im t\u00e4glichen Miteinander wie auch in <strong>religionsp\u00e4dagogischen Angeboten<\/strong> Elemente des christlichen Glaubens und werden ermutigt, sich mit Sinnfragen kindgerecht auseinander zu setzten.<\/p>\n<p>In der p\u00e4dagogischen Arbeit orientieren wir uns u.a. an der P\u00e4dagogik unseres Namensgebers Friedrich Fr\u00f6bel. Seine Idee des Kindergartens haben wir praktisch umgesetzt und sind jetzt seit 2 Jahren <strong>P\u00e4chter einer Gartenparzelle<\/strong>. Die Kinder erleben das Wunder, wie aus einem kleinen Samenkorn eine Blume oder Gem\u00fcse w\u00e4chst und wieviel Pflege und Geduld es hierf\u00fcr braucht. Mit den Mitgliedern des <strong>Gartenvereins ,,Am gr\u00fcnen Weg\u201c<\/strong> pflegen wir eine gute Nachbarschaft.<\/p>\n<p><strong>Ein gutes Miteinander ist das Herzst\u00fcck unseres Kindergartens<\/strong>. Wir legen gro\u00dfen Wert auf eine vertrauensvolle und offene Beziehungspflege \u2013 zwischen Kindern, Eltern und dem p\u00e4dagogischen Team. Denn nur\u00a0in einem Umfeld, in dem sich alle wohl und wertgesch\u00e4tzt f\u00fchlen, kann Entwicklung gelingen.<\/p>\n<p><strong>Besondere Angebote:<\/strong><\/p>\n<ul>\n<li>Waldwoche im Ro\u00dfbach<\/li>\n<li>Kooperation mit der Musikschule Schmalkalden<\/li>\n<li>Kooperation mit dem Seniorenzentrum ,,Am Schloss\u201c<\/li>\n<li>Oma-Opa Tage<\/li>\n<li>Ausflug der Schulanf\u00e4nger in Meininger Theater<\/li>\n<li>Zweiw\u00f6chige Weihnachtsstube in der Adventszeit<\/li>\n<li>W\u00f6chentliches Treffen der Schulanf\u00e4nger zur Schulvorbereitung<\/li>\n<\/ul>\n<p><strong>\u00d6ffnungszeit:<\/strong> 6.00-16:30<\/p>\n<p><strong>Verpflegung:<\/strong> Halbtagsverpflegung (Mittagessen von der Firma A\u00dfmann)<\/p>\n<p><strong>Schlie\u00dfzeit:<\/strong> 2 Wochen in den Sommerferien.\u00a0In bestimmten Situationen gibt es in dieser Zeit die M\u00f6glichkeit der Notbetreuung im Kindergarten &#8222;Sonnenschein&#8220;.<\/p>\n<p><strong>ErzieherInnen:<\/strong> Petra Leupold, Evelin Br\u00fcning, Detlef Kaupert, Angela Henkel, Christiane Schilling, Antje Dittmar, Kathrin Fr\u00f6hlich, Anna-Lena M\u00fchlberg, Pauline Reich<\/p>\n<p>&nbsp;<\/p>\n<p><strong>Evangelischer Kindergarten \u201eFriedrich Fr\u00f6bel\u201c<\/strong><br \/>\n<strong>Adresse:\u00a0\u00a0\u00a0 Pfaffengasse 17<\/strong><br \/>\n<strong>98574 Schmalkalden<br \/>\nTelefon: \u00a0\u00a0\u00a0 03683 403232<\/strong><br \/>\n<strong>Mail:\u00a0 \u00a0 \u00a0 \u00a0 ev.kiga.froebel.sm@ekkw.de <\/strong><strong>\u00a0oder susanne.kind@ekkw.de<\/strong><br \/>\n<strong>Leitung: \u00a0\u00a0\u00a0 Susanne Kind<\/strong><\/p>\n<p><strong>\u00a0<\/strong><\/p>\n<p><img loading=\"lazy\" decoding=\"async\" class=\"aligncenter size-large wp-image-5947\" src=\"http:\/\/kirchengemeinde-schmalkalden.de\/wp-content\/uploads\/2025\/06\/Froebelgarten-1502x2000.jpg\" alt=\"\" width=\"1502\" height=\"2000\" srcset=\"https:\/\/kirchengemeinde-schmalkalden.de\/wp-content\/uploads\/2025\/06\/Froebelgarten-1502x2000.jpg 1502w, https:\/\/kirchengemeinde-schmalkalden.de\/wp-content\/uploads\/2025\/06\/Froebelgarten-225x300.jpg 225w, https:\/\/kirchengemeinde-schmalkalden.de\/wp-content\/uploads\/2025\/06\/Froebelgarten-768x1023.jpg 768w, https:\/\/kirchengemeinde-schmalkalden.de\/wp-content\/uploads\/2025\/06\/Froebelgarten-1153x1536.jpg 1153w, https:\/\/kirchengemeinde-schmalkalden.de\/wp-content\/uploads\/2025\/06\/Froebelgarten-1538x2048.jpg 1538w, https:\/\/kirchengemeinde-schmalkalden.de\/wp-content\/uploads\/2025\/06\/Froebelgarten-scaled.jpg 1922w\" sizes=\"auto, (max-width: 1502px) 100vw, 1502px\" \/><\/p>\n<p><strong>\u00a0<\/strong><\/p>\n<h1 style=\"text-align: center;\"><strong>\u00a0<\/strong><\/h1>\n<p><strong>\u00a0<\/strong><\/p>\n<p>&nbsp;<\/p>\n","protected":false},"excerpt":{"rendered":"<p>Evangelischer Kindergarten ,,Friedrich Fr\u00f6bel\u201c \u00a0Nicht weit vom Stadtzentrum entfernt, unterhalb vom Schloss Wilhelmsburg, befindet sich unser Kindergarten in der Pfaffengasse. 1877 wurde er als ,,Kinderbewahranstalt\u201c eingeweiht und ist damit der \u00e4lteste Kindergarten in der Stadt Schmalkalden. In unserer kleinen famili\u00e4ren Einrichtung mit derzeit 53 Pl\u00e4tzen spielen und lernen die Kinder in zwei altersgemischten Gruppen im Alter von 3-6 Jahren sowie 2 Krippengruppen (Ein- bis Zweij\u00e4hrige und Zwei-bis Dreij\u00e4hrige). Tr\u00e4ger der Einrichtung ist die Evangelische Kirchengemeinde Schmalkalden. Wir beteiligen uns an Aktivit\u00e4ten und Veranstaltungen der Kirchengemeinde. Als evangelische Einrichtung ist das christliche Menschenbild das Fundament unserer Arbeit. Die Kinder erfahren im t\u00e4glichen Miteinander wie auch in religionsp\u00e4dagogischen Angeboten Elemente des christlichen [&hellip;]<\/p>\n","protected":false},"author":6,"featured_media":0,"parent":574,"menu_order":40,"comment_status":"open","ping_status":"closed","template":"","meta":{"footnotes":""},"class_list":["post-1187","page","type-page","status-publish","hentry"],"_links":{"self":[{"href":"https:\/\/kirchengemeinde-schmalkalden.de\/index.php\/wp-json\/wp\/v2\/pages\/1187","targetHints":{"allow":["GET"]}}],"collection":[{"href":"https:\/\/kirchengemeinde-schmalkalden.de\/index.php\/wp-json\/wp\/v2\/pages"}],"about":[{"href":"https:\/\/kirchengemeinde-schmalkalden.de\/index.php\/wp-json\/wp\/v2\/types\/page"}],"author":[{"embeddable":true,"href":"https:\/\/kirchengemeinde-schmalkalden.de\/index.php\/wp-json\/wp\/v2\/users\/6"}],"replies":[{"embeddable":true,"href":"https:\/\/kirchengemeinde-schmalkalden.de\/index.php\/wp-json\/wp\/v2\/comments?post=1187"}],"version-history":[{"count":70,"href":"https:\/\/kirchengemeinde-schmalkalden.de\/index.php\/wp-json\/wp\/v2\/pages\/1187\/revisions"}],"predecessor-version":[{"id":5993,"href":"https:\/\/kirchengemeinde-schmalkalden.de\/index.php\/wp-json\/wp\/v2\/pages\/1187\/revisions\/5993"}],"up":[{"embeddable":true,"href":"https:\/\/kirchengemeinde-schmalkalden.de\/index.php\/wp-json\/wp\/v2\/pages\/574"}],"wp:attachment":[{"href":"https:\/\/kirchengemeinde-schmalkalden.de\/index.php\/wp-json\/wp\/v2\/media?parent=1187"}],"curies":[{"name":"wp","href":"https:\/\/api.w.org\/{rel}","templated":true}]}}