{"id":18,"date":"2005-07-24T21:48:08","date_gmt":"2005-07-24T19:48:08","guid":{"rendered":"http:\/\/wp.kirchengemeinde-schmalkalden.de\/stadtkirche-st-georg\/"},"modified":"2021-05-07T14:32:14","modified_gmt":"2021-05-07T12:32:14","slug":"stadtkirche-st-georg","status":"publish","type":"page","link":"https:\/\/kirchengemeinde-schmalkalden.de\/index.php\/unsere-kirche\/stadtkirche-st-georg","title":{"rendered":"Stadtkirche St. Georg"},"content":{"rendered":"<p>&nbsp;<\/p>\n<p>Seit vielen Jahrhunderten steht unsere Kirche im geografischen Mittelpunkt von Schmalkalden als St\u00e4tte des Gottesdienstes, der Stille und der Anbetung.<\/p>\n<p>Wir m\u00f6chten Ihnen hier einen kurzen geschichtlichen Einblick gew\u00e4hren und Ihnen mit Bildern Details unseres Gotteshauses zeigen. Und letztlich Sie vielleicht dazu zu animieren, diesem virtuellem Besuch unserer Kirche auch bald einen realen folgen zu lassen. M\u00f6glichkeiten gibt es dazu viele, zum einen k\u00f6nnen Sie sich einer Stadtf\u00fchrung anschliessen, zum anderen sind Sie herzlich zu unseren Gottesdiensten sonntags 10.30 Uhr eingeladen. Kirchenvorsteher oder Pfarrer nehmen sich gern Ihrer an und informieren Sie im Anschluss an die Gottesdienste.<\/p>\n<h1>Ausstattung<\/h1>\n<p>Viel Licht dringt von allen Seiten durch die hohen gotischen Fenster in den Innenraum. Alle haben sie einen kunstvollen, bei jedem Fenster anders gestalteten Abschluss. Wie der Turm bei jeder Kirche weisen sie nach oben als Hinweis, dass wir umfangen sind von einer \u201chimmlischen Macht\u201d. Im mittleren Fenster vorn ist deshalb auch die Auferstehung und die Himmelfahrt Jesu bildhaft dargestellt. Acht verschiedene Gew\u00f6lbeformen &#8211; die wohl sch\u00f6nsten im Th\u00fcringer Raum &#8211; tragen den Kirchenhimmel.<\/p>\n<p>Nach den Ereignissen von 1608 (Landgraf Moritz von Hessen liess allen Schmuck und Bilder aus den Kirchen entfernen) blieb die Ausstattung der Kirche auf die lithurgisch notwendigen St\u00fccke &#8211; Altartisch, Kanzel, Taufe und Orgel &#8211; beschr\u00e4nkt.<\/p>\n<p>Die Ausgestaltung des Innenraumes war n\u00fcchtern und kahl. 1898\/99 war man bei einer durchgreifenden Restaurierung bem\u00fcht, durch eine neue Ausmalung den Purismus des 17. Jh. zu \u00fcberwinden. Damals wurden auch die sp\u00e4tgotischen Br\u00fcstungsmalereien an der Westempore wieder aufgedeckt und erneuert. Sie bilden heute den wertvollsten Bestand der erhaltenen mittelalterlichen Ausstattung der Kirche. Die stark farbigen Tafeln schildern Ereignisse aus dem Leben Jesu. Desweiteren finden sich im Gottesraum ein gotischer Schrank, drei kunsthistorisch interessante Truhen, davon eine von 1560 unterhalb der Kanzel, welche auf der Vorderseite das vereinigte hessische und hennebergische Wappen zeigt. Die h\u00f6lzerne Kanzel von 1669 ist mit reichen Ornamentschnitzereien versehen. Ein pr\u00e4chtiger Kronleuchter aus Messing (1642) schm\u00fcckt festlich den Chorraum.<\/p>\n<p>Dem Chorraum gegen\u00fcber stand bis zur vorletzten Restaurierung die grosse Barockorgel aus den Jahren 1690-1694.<\/p>\n<p>Sie verdeckte das grosse Fenster zwischen den T\u00fcrmen, das heute wieder den Innenraum von Westen her erhellt. Im Zweiten Weltkrieg war die Kirche St. Georg nicht von Besch\u00e4digungen verschont geblieben. Eine umfassende Wiederherstellung begann 1957. Sie brachte die Beseitigung der alten und den Bau einer modernen Orgel (39 Register, 3 Manuale) durch Orgelbauer Schuster aus Zittau mit sich. Ferner wurden die Emporen ver\u00e4ndert und die Br\u00fcstungsgem\u00e4lde erneut restauriert sowie die Ausmalung des Innern von 1899 beseitigt und die Fenster neu verglast. Die Entw\u00fcrfe f\u00fcr die Glasmalereien der drei mittleren Chorfenster und des Westfensters schuf Carl Crodel. Das n\u00f6rdliche Fenster im Chor zeigt die in Resten erhaltene Verglasung von 1899, die eine Szene aus dem Gleichnis des barmherzigen Samariters darstellt.<\/p>\n<p>\u00dcber der Sakristei befindet sich die ehemalige Paramentenkammer, heute als Lutherstube bezeichnet, die ein kleines Kirchenmuseum beherbergt. Hier soll sich Martin Luther bei seinem Aufenthalt in Schmalkalden w\u00e4hrend der morgendlichen Gottesdienste aufgew\u00e4rmt haben, da ihm die kalte Stadtkirche aufgrund seiner Krankheit doch sehr zu schaffen machte. Zu den bemerkenswerten Ausstellungsst\u00fccken in der Lutherstube z\u00e4hlen ein sehr sch\u00f6nes Kreuzigungsgem\u00e4lde im Stil der ersten H\u00e4lfte des 15. Jh. (mittelrheinisch) sowie ein dreifl\u00fcgeliger Schnitzaltar, in dessen Mittelschrein die heilige Sippe dargestellt ist, und ein sitzender Schmerzensmann (Christus in der Rast) aus der Zeit um 1500. Die Gew\u00f6lbe des Raumes sind im 16.Jh. mit pflanzlichen Motiven bemalt und in den siebziger Jahren des letzten Jahrhunderts restauriert worden.<\/p>\n<p>Die T\u00fcrmerwohnung auf dem S\u00fcd-West-Turm war seit deren Errichtung 1571 bis 1935 durch den Turmw\u00e4chter und seine Familie bewohnt. Seit dem Sommer 1996 k\u00f6nnen die Schmalkalder und ihre G\u00e4ste wieder einen wundersch\u00f6n sanierten Kirchturm und aus dessen T\u00fcrmerst\u00fcbchen, das Besucher aus nah und fern anzieht, einen phantastischen Rundblick auf Schmalkalden und Umgebung geniessen.<\/p>\n<p>Die T\u00fcrmerstube hat von Mai bis Oktober Samstags von 10.30 bis 12.30 Uhr ge\u00f6ffnet. Hier einige Impressionen von der T\u00fcrmerwohnung:<\/p>\n<p><a href=\"http:\/\/www.Kirchengemeinde-Schmalkalden.de\/index.php\/unsere-kirche\/stadtkirche-st-georg\/dscf4554-2\" rel=\"attachment wp-att-2163\"><img loading=\"lazy\" decoding=\"async\" class=\"alignleft size-medium wp-image-2163\" title=\"DSCF4554\" src=\"http:\/\/www.Kirchengemeinde-Schmalkalden.de\/wp-content\/uploads\/2005\/07\/DSCF45541-300x225.jpg\" alt=\"\" width=\"300\" height=\"225\" srcset=\"https:\/\/kirchengemeinde-schmalkalden.de\/wp-content\/uploads\/2005\/07\/DSCF45541-300x225.jpg 300w, https:\/\/kirchengemeinde-schmalkalden.de\/wp-content\/uploads\/2005\/07\/DSCF45541-1024x768.jpg 1024w\" sizes=\"auto, (max-width: 300px) 100vw, 300px\" \/><\/a><\/p>\n<p>&nbsp;<\/p>\n<p>&nbsp;<\/p>\n<p>&nbsp;<\/p>\n<p>&nbsp;<\/p>\n<p>&nbsp;<\/p>\n<p><a href=\"http:\/\/www.Kirchengemeinde-Schmalkalden.de\/index.php\/unsere-kirche\/stadtkirche-st-georg\/img_0438\" rel=\"attachment wp-att-2164\"><img loading=\"lazy\" decoding=\"async\" class=\"size-medium wp-image-2164 alignleft\" title=\"IMG_0438\" src=\"http:\/\/www.Kirchengemeinde-Schmalkalden.de\/wp-content\/uploads\/2005\/07\/IMG_0438-300x225.jpg\" alt=\"\" width=\"300\" height=\"225\" srcset=\"https:\/\/kirchengemeinde-schmalkalden.de\/wp-content\/uploads\/2005\/07\/IMG_0438-300x225.jpg 300w, https:\/\/kirchengemeinde-schmalkalden.de\/wp-content\/uploads\/2005\/07\/IMG_0438-1024x768.jpg 1024w\" sizes=\"auto, (max-width: 300px) 100vw, 300px\" \/><\/a><\/p>\n<p>&nbsp;<\/p>\n<p><a href=\"http:\/\/www.Kirchengemeinde-Schmalkalden.de\/index.php\/unsere-kirche\/stadtkirche-st-georg\/img_0436\" rel=\"attachment wp-att-2165\"><img loading=\"lazy\" decoding=\"async\" class=\"alignleft size-medium wp-image-2165\" title=\"IMG_0436\" src=\"http:\/\/www.Kirchengemeinde-Schmalkalden.de\/wp-content\/uploads\/2005\/07\/IMG_0436-300x225.jpg\" alt=\"\" width=\"300\" height=\"225\" srcset=\"https:\/\/kirchengemeinde-schmalkalden.de\/wp-content\/uploads\/2005\/07\/IMG_0436-300x225.jpg 300w, https:\/\/kirchengemeinde-schmalkalden.de\/wp-content\/uploads\/2005\/07\/IMG_0436-1024x768.jpg 1024w\" sizes=\"auto, (max-width: 300px) 100vw, 300px\" \/><\/a><a href=\"http:\/\/www.Kirchengemeinde-Schmalkalden.de\/index.php\/unsere-kirche\/stadtkirche-st-georg\/turmstube4\" rel=\"attachment wp-att-2166\"><img loading=\"lazy\" decoding=\"async\" class=\"alignleft size-medium wp-image-2166\" title=\"Turmstube4\" src=\"http:\/\/www.Kirchengemeinde-Schmalkalden.de\/wp-content\/uploads\/2005\/07\/Turmstube4-300x187.jpg\" alt=\"\" width=\"300\" height=\"187\" srcset=\"https:\/\/kirchengemeinde-schmalkalden.de\/wp-content\/uploads\/2005\/07\/Turmstube4-300x187.jpg 300w, https:\/\/kirchengemeinde-schmalkalden.de\/wp-content\/uploads\/2005\/07\/Turmstube4-1024x640.jpg 1024w, https:\/\/kirchengemeinde-schmalkalden.de\/wp-content\/uploads\/2005\/07\/Turmstube4.jpg 1793w\" sizes=\"auto, (max-width: 300px) 100vw, 300px\" \/><\/a><\/p>\n<p>&nbsp;<\/p>\n<p>&nbsp;<\/p>\n<p>&nbsp;<\/p>\n<p>&nbsp;<\/p>\n<p>&nbsp;<\/p>\n<p>&nbsp;<\/p>\n<p>&nbsp;<\/p>\n<p>&nbsp;<\/p>\n<p>&nbsp;<\/p>\n<p>&nbsp;<\/p>\n<p>&nbsp;<\/p>\n<p>&nbsp;<\/p>\n<p>&nbsp;<\/p>\n<p>&nbsp;<\/p>\n<p>&nbsp;<\/p>\n<p>&nbsp;<\/p>\n<p>&nbsp;<\/p>\n<p>&nbsp;<\/p>\n<p>&nbsp;<\/p>\n<p>Seit der Wende 1989 wurde und wird weiterhin an der Stadtkirche restauriert. Dank der finanziellen Unterst\u00fctzung durch die Hessischen Landeskirche sowie der Stadt Schmalkalden und dem Land Th\u00fcringen konnten seit 1990 umfangreiche Arbeiten an der Stadtkirche durchgef\u00fchrt werden. Letztes Jahr konnte nach der Innenrenovierung die Wiedereinweihung gefeiert werden.<\/p>\n<div id=\"attachment_361\" style=\"width: 310px\" class=\"wp-caption alignnone\"><a href=\"\/wp-content\/uploads\/2005\/07\/digi0111.jpg\"><img loading=\"lazy\" decoding=\"async\" aria-describedby=\"caption-attachment-361\" class=\"size-medium wp-image-361\" title=\"Spieltisch der Orgel\" src=\"\/wp-content\/uploads\/2005\/07\/digi0111-300x225.jpg\" alt=\"Spieltisch der Orgel\" width=\"300\" height=\"225\" \/><\/a><p id=\"caption-attachment-361\" class=\"wp-caption-text\">Spieltisch der Orgel<\/p><\/div>\n<p>Anl\u00e4sslich der Restaurierung des Innenraumes wurde auch unsere Orgel einer gr\u00fcndlichen Generalreparatur unterzogen, so dass sie heute nicht nur \u00e4usserlich sondern auch mit neuer Stimme zum Lob Gottes erstrahlen kann.<\/p>\n<h1>Geschichtliches<\/h1>\n<p>Zu alter Zeit &#8211; seit dem 11.Jh. &#8211; hat im Schmalkalder Zentrum schon eine romanische Kirche gestanden. Als im Mittelalter unsere Stadt durch die ber\u00fchmten \u201cSchmalkalder Artikel\u201d (Eisenwaren und Werkzeuge) reicher wurde, beschlossen die Stadtoberh\u00e4upter im Jahr 1437, eine repr\u00e4sentative Kirche zu bauen. Da der Gottesdienst nicht ausfallen sollte, bauten sie die W\u00e4nde der sp\u00e4tgotischen Kirche zun\u00e4chst um die alte Kirche herum. Dabei liessen sie den romanischen Kirchturm stehen. Von aussen &#8211; zum Kirchhof zu &#8211; sieht man noch die \u201cNaht\u201d, wo alte und neue Kirche zusammenstossen und die romanischen Rundbogenfenster des heute h\u00f6chsten (49m) der drei T\u00fcrme.<\/p>\n<p>Im Abschluss des Chorraums sieht man das Datum der Einweihung:<\/p>\n<p><strong><em>Anno domini MCCCCC completum est praesens opus &#8211; Im Jahr des Herrn 1500 ist vollendet worden das gegenw\u00e4rtige Werk.<\/em><\/strong><\/p>\n<p>Bald darauf spielte unsere Kirche eine Rolle von weltweiter kirchenpolitischer Bedeutung. Hier wurde bereits seit 1525 evangelisch gepredigt Martin Luther kam 1537 hierher zur bedeutendsten Tagung des \u201cSchmalkaldischen Bundes\u201d. Der Papst hatte zu einem Konzil nach Mantua (Oberitalien) eingeladen, um die neue Lehre der Protestanten anzuh\u00f6ren. Luther bekam von seinem s\u00e4chsischen Kurf\u00fcrst Johann Friedrich den Auftrag, die neuen Glaubensartikel k\u00fcrzer als in dem \u201cAugsburger Bekenntnis\u201d von 1530 zusammenzustellen. Diese Artikel, die hier in Schmalkalden vor 18 deutschen F\u00fcrsten, daneben Gesandten aus Frankreich und D\u00e4nemark, 28 freien Reichsst\u00e4dten und 43 ber\u00fchmten Theologen diskutiert wurden, gingen in die Geschichte ein als die \u201cSchmalkaldischen Artikel\u201d, die \u00fcberall auf der Welt zu den Bekenntnisschriften der lutherischen Kirche geh\u00f6ren. An der Stelle, wo fr\u00fcher die Kanzel stand und heute Luthers Relief an der S\u00e4ule zu sehen ist, sagte er in seiner Predigt am 09.02.1537 zum Beispiel:<\/p>\n<blockquote><p>Wenn du wissen willst, woher du und ich und alle Menschen kommen, so h\u00f6re hier zu, ich will dir\u2019s sagen: es ist Gott Vater, der Allm\u00e4chtige, Sch\u00f6pfer Himmels und der Erden, ein einiger Gott, der alles erschaffen hat und erh\u00e4lt. Jetzt weisst du es. Es ist eine schlichte Predigt und Lehre, aber dennoch hat sie nie kein Mensch &#8211; er sei so weise gewesen, als er immer gekonnt hat &#8211; finden k\u00f6nnen ohne den, der vom Himmel gekommen ist und uns solches offenbart hat, unser lieber Herr Jesus Christus.<\/p><\/blockquote>\n<div id=\"attachment_362\" style=\"width: 235px\" class=\"wp-caption alignnone\"><a href=\"\/wp-content\/uploads\/2005\/07\/digi0092.jpg\"><img loading=\"lazy\" decoding=\"async\" aria-describedby=\"caption-attachment-362\" class=\"size-medium wp-image-362\" title=\"Stadtkirche\" src=\"\/wp-content\/uploads\/2005\/07\/digi0092-225x300.jpg\" alt=\"Stadtkirche\" width=\"225\" height=\"300\" \/><\/a><p id=\"caption-attachment-362\" class=\"wp-caption-text\">Stadtkirche St. Georg<\/p><\/div>\n<p>Bald nach diesen geschichtstr\u00e4chtigen Tagen sind in unserer Kirche \u00e4usserliche Ver\u00e4nderungen geschehen. Draussen im neuen Nord-West-Turm &#8211; in dem heute \u00fcbrigens die zweitgr\u00f6sste Glocke Th\u00fcringens h\u00e4ngt, die \u201cGrosse Oster\u201d (72 Zentner) &#8211; wurde das Fenster zugemauert, aus dem heraus Ablassbriefe verkauft wurden. 1608 entfernte man katholische Alt\u00e4re und Bildwerke aus der Kirche auf Geheiss des Landgrafen Moritz von Hessen. Nur die Bilder aus dem Leben Jesu von 1503 an der Orgelempore wurden einfach umgedreht und erst 1899 nach fast 300-j\u00e4hrigem Dornr\u00f6schenschlaf neu entdeckt.<\/p>\n<p>Ich hoffe, Sie mit diesen kurzen Beitr\u00e4gen und den Bildern neugierig gemacht zu haben. Schauen Sie doch einfach n\u00e4chsten Sonntag einmal rein in unsere Kirche. Sie werden \u00fcberrascht sein, nicht nur historische, architektonische und sonstige Zeitzeugen anzutreffen, nein, hier gibt es tats\u00e4chlich auch eine funktionierende Gemeinde mit liebenswerten Mitgliedern, Pfarrern und einem Kirchenvorstand, welcher sich Ihrer gerne annimmt und Ihnen Freiraum zum Einbringen Ihrer Intentionen in den verschiedensten Gemeindekreisen gibt.<\/p>\n<div id=\"attachment_363\" style=\"width: 235px\" class=\"wp-caption alignnone\"><a href=\"\/wp-content\/uploads\/2005\/07\/digi0114.jpg\"><img loading=\"lazy\" decoding=\"async\" aria-describedby=\"caption-attachment-363\" class=\"size-medium wp-image-363\" title=\"im Gottesdienst\" src=\"\/wp-content\/uploads\/2005\/07\/digi0114-225x300.jpg\" alt=\"im Gottesdienst\" width=\"225\" height=\"300\" \/><\/a><p id=\"caption-attachment-363\" class=\"wp-caption-text\">im Gottesdienst<\/p><\/div>\n<p>Sollte Ihr Anfahrtsweg nach Schmalkalden von l\u00e4ngerer Dauer sein, so laden wir Sie ein, hier in unseren R\u00e4umen zu verweilen, sich zu entspannen, sich einzubringen und zum guten Schluss hoffentlich mit vielen neuen erz\u00e4hlenswerten Erfahrungen wieder gest\u00e4rkt nach Hause zu fahren.<\/p>\n<p>Gott sei mit Ihnen.<\/p>\n<p>Uwe Johannes, Juli 2005<\/p>\n<p>Quellen:<\/p>\n<p>Infoblatt (Auslage in der Stadtkirche)<\/p>\n<p>Evangelische Stadtkirche St. Georg Schmalkalden, Autor: Ernst Badst\u00fcbner; ISBN 3-7954-5757-2<\/p>\n","protected":false},"excerpt":{"rendered":"<p>&nbsp; Seit vielen Jahrhunderten steht unsere Kirche im geografischen Mittelpunkt von Schmalkalden als St\u00e4tte des Gottesdienstes, der Stille und der Anbetung. Wir m\u00f6chten Ihnen hier einen kurzen geschichtlichen Einblick gew\u00e4hren und Ihnen mit Bildern Details unseres Gotteshauses zeigen. Und letztlich Sie vielleicht dazu zu animieren, diesem virtuellem Besuch unserer Kirche auch bald einen realen folgen zu lassen. M\u00f6glichkeiten gibt es dazu viele, zum einen k\u00f6nnen Sie sich einer Stadtf\u00fchrung anschliessen, zum anderen sind Sie herzlich zu unseren Gottesdiensten sonntags 10.30 Uhr eingeladen. Kirchenvorsteher oder Pfarrer nehmen sich gern Ihrer an und informieren Sie im Anschluss an die Gottesdienste. Ausstattung Viel Licht dringt von allen Seiten durch die hohen gotischen Fenster [&hellip;]<\/p>\n","protected":false},"author":6,"featured_media":0,"parent":2021,"menu_order":10,"comment_status":"closed","ping_status":"closed","template":"","meta":{"footnotes":""},"class_list":["post-18","page","type-page","status-publish","hentry"],"_links":{"self":[{"href":"https:\/\/kirchengemeinde-schmalkalden.de\/index.php\/wp-json\/wp\/v2\/pages\/18","targetHints":{"allow":["GET"]}}],"collection":[{"href":"https:\/\/kirchengemeinde-schmalkalden.de\/index.php\/wp-json\/wp\/v2\/pages"}],"about":[{"href":"https:\/\/kirchengemeinde-schmalkalden.de\/index.php\/wp-json\/wp\/v2\/types\/page"}],"author":[{"embeddable":true,"href":"https:\/\/kirchengemeinde-schmalkalden.de\/index.php\/wp-json\/wp\/v2\/users\/6"}],"replies":[{"embeddable":true,"href":"https:\/\/kirchengemeinde-schmalkalden.de\/index.php\/wp-json\/wp\/v2\/comments?post=18"}],"version-history":[{"count":18,"href":"https:\/\/kirchengemeinde-schmalkalden.de\/index.php\/wp-json\/wp\/v2\/pages\/18\/revisions"}],"predecessor-version":[{"id":4574,"href":"https:\/\/kirchengemeinde-schmalkalden.de\/index.php\/wp-json\/wp\/v2\/pages\/18\/revisions\/4574"}],"up":[{"embeddable":true,"href":"https:\/\/kirchengemeinde-schmalkalden.de\/index.php\/wp-json\/wp\/v2\/pages\/2021"}],"wp:attachment":[{"href":"https:\/\/kirchengemeinde-schmalkalden.de\/index.php\/wp-json\/wp\/v2\/media?parent=18"}],"curies":[{"name":"wp","href":"https:\/\/api.w.org\/{rel}","templated":true}]}}