{"id":4203,"date":"2020-04-23T14:16:11","date_gmt":"2020-04-23T12:16:11","guid":{"rendered":"http:\/\/kirchengemeinde-schmalkalden.de\/?page_id=4203"},"modified":"2020-11-30T13:51:55","modified_gmt":"2020-11-30T12:51:55","slug":"lutherbesinnungsweg","status":"publish","type":"page","link":"https:\/\/kirchengemeinde-schmalkalden.de\/index.php\/lutherbesinnungsweg","title":{"rendered":"Lutherbesinnungsweg"},"content":{"rendered":"<div class=\"media-content\">\n<h1 class=\"mbr-section-title mbr-white pb-3 mbr-fonts-style display-1\">Luther-Besinnungsweg<\/h1>\n<div>im Kirchenkreis Schmalkalden<\/div>\n<div class=\"mbr-section-text mbr-white pb-3 \">\n<p class=\"mbr-text mbr-fonts-style display-5\">Pilgern Sie auf dem Luther-Besinnungsweg mit 31 thematischen Stationsschildern, die mit Luther Zitaten und Liedern zum Nachdenken f\u00fchren.<br \/>\nAuch f\u00fcr Kinder und Jugendliche bietet der Besinnungsweg besondere Attraktionen. N\u00e4here Informationen finden sie hier:<\/p>\n<\/div>\n<\/div>\n<p><a href=\"https:\/\/lutherweg.eksm.de\">https:\/\/lutherweg.eksm.de<\/a><\/p>\n","protected":false},"excerpt":{"rendered":"<p>Luther-Besinnungsweg im Kirchenkreis Schmalkalden Pilgern Sie auf dem Luther-Besinnungsweg mit 31 thematischen Stationsschildern, die mit Luther Zitaten und Liedern zum Nachdenken f\u00fchren. Auch f\u00fcr Kinder und Jugendliche bietet der Besinnungsweg besondere Attraktionen. N\u00e4here Informationen finden sie hier: https:\/\/lutherweg.eksm.de<\/p>\n","protected":false},"author":6,"featured_media":0,"parent":0,"menu_order":0,"comment_status":"closed","ping_status":"closed","template":"","meta":{"footnotes":""},"class_list":["post-4203","page","type-page","status-publish","hentry"],"_links":{"self":[{"href":"https:\/\/kirchengemeinde-schmalkalden.de\/index.php\/wp-json\/wp\/v2\/pages\/4203","targetHints":{"allow":["GET"]}}],"collection":[{"href":"https:\/\/kirchengemeinde-schmalkalden.de\/index.php\/wp-json\/wp\/v2\/pages"}],"about":[{"href":"https:\/\/kirchengemeinde-schmalkalden.de\/index.php\/wp-json\/wp\/v2\/types\/page"}],"author":[{"embeddable":true,"href":"https:\/\/kirchengemeinde-schmalkalden.de\/index.php\/wp-json\/wp\/v2\/users\/6"}],"replies":[{"embeddable":true,"href":"https:\/\/kirchengemeinde-schmalkalden.de\/index.php\/wp-json\/wp\/v2\/comments?post=4203"}],"version-history":[{"count":5,"href":"https:\/\/kirchengemeinde-schmalkalden.de\/index.php\/wp-json\/wp\/v2\/pages\/4203\/revisions"}],"predecessor-version":[{"id":4344,"href":"https:\/\/kirchengemeinde-schmalkalden.de\/index.php\/wp-json\/wp\/v2\/pages\/4203\/revisions\/4344"}],"wp:attachment":[{"href":"https:\/\/kirchengemeinde-schmalkalden.de\/index.php\/wp-json\/wp\/v2\/media?parent=4203"}],"curies":[{"name":"wp","href":"https:\/\/api.w.org\/{rel}","templated":true}]}}