{"id":574,"date":"2009-03-17T21:44:12","date_gmt":"2009-03-17T20:44:12","guid":{"rendered":"http:\/\/sandkasten.nirgal.de\/?page_id=574"},"modified":"2026-01-13T14:14:58","modified_gmt":"2026-01-13T13:14:58","slug":"kindergarten","status":"publish","type":"page","link":"https:\/\/kirchengemeinde-schmalkalden.de\/index.php\/kindergarten","title":{"rendered":"Kinderg\u00e4rten"},"content":{"rendered":"<h1><\/h1>\n<h1><\/h1>\n<h1><img loading=\"lazy\" decoding=\"async\" class=\"aligncenter wp-image-5676 \" src=\"http:\/\/kirchengemeinde-schmalkalden.de\/wp-content\/uploads\/2024\/04\/FSJ-ler-2024-212x300.jpg\" alt=\"\" width=\"315\" height=\"446\" srcset=\"https:\/\/kirchengemeinde-schmalkalden.de\/wp-content\/uploads\/2024\/04\/FSJ-ler-2024-212x300.jpg 212w, https:\/\/kirchengemeinde-schmalkalden.de\/wp-content\/uploads\/2024\/04\/FSJ-ler-2024-1414x2000.jpg 1414w, https:\/\/kirchengemeinde-schmalkalden.de\/wp-content\/uploads\/2024\/04\/FSJ-ler-2024-768x1086.jpg 768w, https:\/\/kirchengemeinde-schmalkalden.de\/wp-content\/uploads\/2024\/04\/FSJ-ler-2024-1086x1536.jpg 1086w, https:\/\/kirchengemeinde-schmalkalden.de\/wp-content\/uploads\/2024\/04\/FSJ-ler-2024-1448x2048.jpg 1448w, https:\/\/kirchengemeinde-schmalkalden.de\/wp-content\/uploads\/2024\/04\/FSJ-ler-2024-scaled.jpg 1811w\" sizes=\"auto, (max-width: 315px) 100vw, 315px\" \/><\/h1>\n<p>&nbsp;<\/p>\n<p>Gesch\u00e4ftsf\u00fchrer unserer beiden evangelischen Kinderg\u00e4rten ist<\/p>\n<p>Pfarrer Christoph Nordmeyer<img loading=\"lazy\" decoding=\"async\" class=\" wp-image-5163 alignleft\" src=\"http:\/\/kirchengemeinde-schmalkalden.de\/wp-content\/uploads\/2022\/06\/Portrait-1.jpg\" alt=\"\" width=\"94\" height=\"124\" \/><\/p>\n<ul>\n<li>Tel.: 03 68 3\/60 27 62<\/li>\n<li>E-Mail:\u00a0<a href=\"mailto:bettina.diener@ekkw.de\">christoph.nordmeyer@ekkw.de<\/a><\/li>\n<\/ul>\n<p>&nbsp;<\/p>\n<p>&nbsp;<\/p>\n<p>&nbsp;<\/p>\n<h2 style=\"text-align: left;\"><strong><a href=\"http:\/\/www.kirchengemeinde-schmalkalden.de\/index.php\/kindergarten\/pfaffengasse\">Evangelischer Kindergarten &#8222;Friedrich Fr\u00f6bel&#8220;<\/a><\/strong><\/h2>\n<p style=\"text-align: left;\">98574 Schmalkalden, Pfaffengasse 17,\u00a0\u00a0\u00a0 Leiterin:\u00a0 Susanne Kind<\/p>\n<p style=\"text-align: left;\">Tel. 03683\/ 40 32 32\u00a0\u00a0\u00a0 Fax: 03683 \/ 40 51 30<\/p>\n<p>e-mail:\u00a0ev.kiga.froebel.sm@ekkw.de<\/p>\n<p>Zur Anmeldung bitte folgendes Word-Dokument \u00f6ffnen, ausdrucken, ausf\u00fcllen und an den Kindergarten senden:<\/p>\n<p><a href=\"http:\/\/kirchengemeinde-schmalkalden.de\/wp-content\/uploads\/2023\/04\/AnmeldungFF_Stand240423-002.pdf\">Anmeldung Kindergarten &#8222;Friedrich Fr\u00f6bel&#8220;<\/a><\/p>\n<p><a href=\"http:\/\/kirchengemeinde-schmalkalden.de\/wp-content\/uploads\/2023\/11\/Konzeption-04.11.23.pdf\">Konzeption <\/a><\/p>\n<p><strong>Hier finden\u00a0 Sie unsere Elternbeitragsordnung:<\/strong><\/p>\n<p><a href=\"http:\/\/kirchengemeinde-schmalkalden.de\/wp-content\/uploads\/2023\/01\/Elternbeitraege-halbtags.xlsx\">Elternbeitr\u00e4ge halbtags<\/a> \u00a0\u00a0 \u00a0\u00a0 \u00a0\u00a0 \u00a0\u00a0 \u00a0\u00a0<a href=\"http:\/\/kirchengemeinde-schmalkalden.de\/wp-content\/uploads\/2023\/01\/Elternbeitraege-ganztags.xlsx\">Elternbeitr\u00e4ge ganztags<\/a><\/p>\n<p>&nbsp;<\/p>\n<p><strong><span style=\"color: #ff0000;\">Schlie\u00dfzeiten 2026<\/span><\/strong><\/p>\n<p><span style=\"color: #ff0000;\">2.1. 2026 \u00a0\u00a0\u00a0\u00a0\u00a0\u00a0\u00a0\u00a0\u00a0\u00a0\u00a0\u00a0\u00a0\u00a0\u00a0\u00a0\u00a0\u00a0\u00a0\u00a0\u00a0\u00a0\u00a0\u00a0\u00a0\u00a0Schlie\u00dftag nach Neujahr<\/span><\/p>\n<p><span style=\"color: #ff0000;\">9.3.2026\u00a0\u00a0\u00a0 \u00a0\u00a0\u00a0\u00a0\u00a0\u00a0\u00a0\u00a0\u00a0\u00a0\u00a0\u00a0\u00a0\u00a0\u00a0\u00a0\u00a0\u00a0\u00a0\u00a0\u00a0\u00a0\u00a0\u00a01. Fortbildungstag<\/span><\/p>\n<p><span style=\"color: #ff0000;\">15.5.2026\u00a0\u00a0\u00a0\u00a0\u00a0\u00a0\u00a0 \u00a0\u00a0\u00a0\u00a0\u00a0\u00a0\u00a0\u00a0\u00a0\u00a0\u00a0\u00a0\u00a0\u00a0\u00a0\u00a0\u00a0\u00a0Br\u00fcckentag nach Himmelfahrt<\/span><\/p>\n<p><span style=\"color: #ff0000;\">20.7.-31.7.2026\u00a0\u00a0 \u00a0\u00a0\u00a0\u00a0\u00a0\u00a0\u00a0\u00a0\u00a0\u00a0\u00a0Sommerschlie\u00dfzeit<\/span><\/p>\n<p><span style=\"color: #ff0000;\">6.11.2026\u00a0\u00a0\u00a0\u00a0\u00a0\u00a0\u00a0\u00a0\u00a0\u00a0\u00a0\u00a0\u00a0\u00a0 \u00a0\u00a0\u00a0\u00a0\u00a0\u00a0\u00a0\u00a0\u00a0\u00a0\u00a0\u00a02. Fortbildungstag (Erste-Hilfe-Kurs)<\/span><\/p>\n<p><span style=\"color: #ff0000;\">23.12.2026 -1.1.2027\u00a0 \u00a0\u00a0Weihnachtsschlie\u00dfzeit<\/span><\/p>\n<p>&nbsp;<\/p>\n<h3>Hier stellt sich der F\u00f6rderverein des Kindergartens &#8222;Friedrich Fr\u00f6bel&#8220; vor:<\/h3>\n<h3><a href=\"http:\/\/kirchengemeinde-schmalkalden.de\/wp-content\/uploads\/2023\/04\/Flyer-Foerderverein.pdf\">Flyer F\u00f6rderverein<\/a><\/h3>\n<h3><\/h3>\n<p style=\"text-align: center;\"><span style=\"color: #ff0000;\">&#8212;&#8212;&#8212;&#8212;&#8212;&#8212;&#8212;&#8212;&#8212;&#8212;&#8212;&#8212;&#8212;&#8212;&#8212;&#8212;&#8212;&#8212;&#8212;&#8212;&#8212;&#8212;&#8212;&#8212;&#8212;&#8212;-\u00a0<\/span><\/p>\n<h2><strong><a href=\"http:\/\/www.kirchengemeinde-schmalkalden.de\/index.php\/kindergarten\/sonnenschein\">Evangelischer Kindergarten &#8222;Sonnenschein&#8220;<\/a><\/strong><\/h2>\n<p>98574 Schmalkalden, Gothaer Stra\u00dfe 21, Leiterin: Frau Andrea Kretschmann<\/p>\n<p>Tel. 03683\/ 40 21 26\u00a0\u00a0\u00a0\u00a0 Fax: 03683\/ 40 76 39<br \/>\ne-mail: ev.kiga.sonnenschein.sm@ekkw.de<\/p>\n<p>Zur Anmeldung bitte folgendes Word-Dokument \u00f6ffnen, ausdrucken, ausf\u00fcllen und an den Kindergarten senden:<\/p>\n<p><a href=\"http:\/\/kirchengemeinde-schmalkalden.de\/wp-content\/uploads\/2023\/04\/AnmeldungSo_ab05.23.pdf\">Anmeldung Kindergarten &#8222;Sonnenschein&#8220;<\/a><\/p>\n<p>&nbsp;<\/p>\n<p><span style=\"text-decoration: underline;\"><span style=\"color: #ff0000; text-decoration: underline;\"><strong>Schliesszeiten f\u00fcr 2026:<\/strong><\/span><\/span><\/p>\n<ul>\n<li><span style=\"color: #ff0000;\">26.01.26\u00a0 \u00a0 \u00a0 \u00a0 \u00a0 \u00a0 \u00a0 \u00a0 \u00a0 \u00a0 DRK Schulung<\/span><\/li>\n<li><span style=\"color: #ff0000;\">13.03.26\u00a0 \u00a0 \u00a0 \u00a0 \u00a0 \u00a0 \u00a0 \u00a0 \u00a0 \u00a01. Fortbildungstag f\u00fcr ErzieherInnen<\/span><\/li>\n<li><span style=\"color: #ff0000;\">15.05.26\u00a0 \u00a0 \u00a0 \u00a0 \u00a0 \u00a0 \u00a0 \u00a0 \u00a0 \u00a0 Br\u00fcckentag nach Himmelfahrt<\/span><\/li>\n<li><span style=\"color: #ff0000;\">02.10.26\u00a0 \u00a0 \u00a0 \u00a0 \u00a0 \u00a0 \u00a0 \u00a0 \u00a0 2. Fortbildungstag f\u00fcr ErzieherInnen<\/span><\/li>\n<li><span style=\"color: #ff0000;\">21.12.-31.12.26\u00a0 \u00a0 \u00a0 \u00a0 Weihnachtsschlie\u00dfzeit<\/span><\/li>\n<\/ul>\n<p>&#8230;&#8230;&#8230;&#8230;&#8230;&#8230;&#8230;&#8230;&#8230;&#8230;&#8230;&#8230;&#8230;&#8230;&#8230;&#8230;&#8230;&#8230;&#8230;&#8230;&#8230;&#8230;&#8230;&#8230;&#8230;&#8230;&#8230;&#8230;&#8230;&#8230;&#8230;&#8230;&#8230;&#8230;&#8230;&#8230;&#8230;&#8230;&#8230;&#8230;&#8230;&#8230;&#8230;&#8230;&#8230;&#8230;&#8230;&#8230;&#8230;&#8230;&#8230;&#8230;&#8230;&#8230;&#8230;&#8230;&#8230;&#8230;&#8230;&#8230;&#8230;&#8230;&#8230;&#8230;&#8230;&#8230;&#8230;&#8230;&#8230;&#8230;&#8230;&#8230;&#8230;&#8230;&#8230;&#8230;&#8230;&#8230;&#8230;&#8230;&#8230;&#8230;&#8230;&#8230;&#8230;&#8230;..<\/p>\n<h2><strong>Schulanf\u00e4nger feiern Zuckert\u00fctenfest im Kindergarten &#8222;Sonnenschein&#8220;<\/strong><\/h2>\n<p>Das Kindergartenjahr neigt sich nun langsam dem Ende zu, so dass es in den Kindertagesst\u00e4tten wieder Zeit wurde, die Vorschulkinder zu verabschieden.<\/p>\n<p>So fand am 22. Juni 2025 auch im Evangelischen Kindergarten &#8222;Sonnenschein&#8220; in Weidebrunn das Zuckert\u00fctenfest statt. Die 12 Schulanf\u00e4nger der blauen Gruppe, unter der Leitung von Nicole Petter und Vanessa Fischer, verabschiedeten sich aus dem Kindergarten und begr\u00fc\u00dften gemeinsam mit ihren Familien das neue Lebenskapitel.<\/p>\n<p>Die Feier begann mit einer Andacht in der Weidebrunner Kirche, die von den Erzieherinnen, den Kindern und Gudrun Sickert aus der Kinderkirchenstunde gestaltet wurde. F\u00fcr die Kinder, aber auch vor allem f\u00fcr die Eltern, entstanden dort wirklich sehr emotionale Momente, als die Gruppenerzieherinnen Nicole und Vanessa nochmal ganz pers\u00f6nliche Worte f\u00fcr jedes einzelne Kind vergaben. Sie bedankten sich mit eigens, auf die individuellen Talente und Interessen des Kindes, zugeschnittenen Worten f\u00fcr die Bereicherungen, die jedes Kind damit in den Kindergartenalltag mitbrachte.<\/p>\n<p>Im Anschluss zur Andacht lud Anja Leffler die Kinder noch zu den monatlich stattfindenden Kindertreffen in das evangelische Gemeindehaus in Schmalkalden ein. Dort k\u00f6nnen die Kinder auch noch nach ihrer Kindergartenzeit gemeinsam sch\u00f6ne Momente bei Spiel und Spa\u00df erleben.<\/p>\n<p>Anschlie\u00dfend wurden die Kinder von allen Anwesenden zum Zuckert\u00fctenbaum begleitet. Dort staunten alle nicht schlecht, als sie die bunten und individuell von den Eltern in Vorbereitung gestalteten Zuckert\u00fcten an den Zweigen des Baumes entdeckten. Die Zuckert\u00fcten waren aus Samen gewachsen, die die Kinder zuvor mit ihren Erzieherinnen eingepflanzt hatten. Nachdem die Kinder stolz ihre pers\u00f6nlichen Zuckert\u00fcten in Empfang nehmen durften, rundeten sie mit einem tollen Lied unter Trommelbegleitung, angeleitet von Anke aus der Musikschule Schmalkalden, den feierlichen Akt ab.<\/p>\n<p>Nach der \u00dcbergabe der Zuckert\u00fcten verbrachten die Familien einen geselligen Nachmittag im Au\u00dfengel\u00e4nde des Kindergartens. Planschbecken und Wasserrutsche sorgten f\u00fcr Abk\u00fchlung an dem hei\u00dfen Tag. Mit B\u00fchne und Karaoke-Mikrofon konnten die Kinder ihre Lieblings-Hits aus der Kindergartenzeit nochmal zum Besten geben.<\/p>\n<p>F\u00fcr das kulinarische Highlight der Feier sorgte die Haderh\u00f6lzer Brotschmiede Seligenthal e.V., die mit ihrem mobilen Steinofen alle Anwesenden mit k\u00f6stlichen Pizzen und leckeren Schmandfladen verk\u00f6stigte. Den Vereinsmitgliedern gilt an dieser Stelle ein besonderer Dank f\u00fcr ihre tolle Arbeit an dem hei\u00dfen Ofen unter den sommerlichen H\u00f6chsttemperaturen!<\/p>\n<p>Die flei\u00dfigen B\u00e4cker sorgten sogar daf\u00fcr, dass auch am n\u00e4chsten Kindergartentag alle Nicht-Schulanf\u00e4nger in der Nachmittagsbetreuung in den Genuss der Leckereien kamen.<\/p>\n<p>Insgesamt konnten zum Ende der Kindergartenzeit nochmal alle Kinder, Eltern und Erzieherinnen einen rundum gelungenen Nachmittag erleben, der allen noch lange in Erinnerung bleiben wird.<\/p>\n<p>Wir w\u00fcnschen allen Schulanf\u00e4ngern alles Gute f\u00fcr die neue und aufregende Zeit!<\/p>\n<p>&nbsp;<\/p>\n<div id=\"attachment_5981\" style=\"width: 1026px\" class=\"wp-caption alignnone\"><img loading=\"lazy\" decoding=\"async\" aria-describedby=\"caption-attachment-5981\" class=\"wp-image-5981\" src=\"http:\/\/kirchengemeinde-schmalkalden.de\/wp-content\/uploads\/2025\/07\/Schulanfaenger-2025.jpg\" alt=\"\" width=\"1016\" height=\"1202\" srcset=\"https:\/\/kirchengemeinde-schmalkalden.de\/wp-content\/uploads\/2025\/07\/Schulanfaenger-2025.jpg 1352w, https:\/\/kirchengemeinde-schmalkalden.de\/wp-content\/uploads\/2025\/07\/Schulanfaenger-2025-254x300.jpg 254w, https:\/\/kirchengemeinde-schmalkalden.de\/wp-content\/uploads\/2025\/07\/Schulanfaenger-2025-768x909.jpg 768w, https:\/\/kirchengemeinde-schmalkalden.de\/wp-content\/uploads\/2025\/07\/Schulanfaenger-2025-1298x1536.jpg 1298w\" sizes=\"auto, (max-width: 1016px) 100vw, 1016px\" \/><p id=\"caption-attachment-5981\" class=\"wp-caption-text\">Foto: Frau Menz<\/p><\/div>\n<p><span style=\"text-decoration: underline;\"><span style=\"color: #ff0000; text-decoration: underline;\"><strong>Schliesszeiten f\u00fcr 2025-2026:<\/strong><\/span><\/span><\/p>\n<ul>\n<li><span style=\"color: #ff0000;\">02.-03.01.2025\u00a0\u00a0\u00a0\u00a0\u00a0\u00a0 Schlie\u00dftage<\/span><\/li>\n<li><span style=\"color: #ff0000;\">21.03.2025 \u00a0\u00a0\u00a0\u00a0\u00a0\u00a0\u00a0\u00a0\u00a0 \u00a0 \u00a0 Religionsp\u00e4dagogischer Fachtag<\/span><\/li>\n<li><span style=\"color: #ff0000;\">02.05.2025 \u00a0\u00a0\u00a0\u00a0\u00a0\u00a0 \u00a0 \u00a0 \u00a0 Br\u00fcckentag nach 1. Mai<\/span><\/li>\n<li><span style=\"color: #ff0000;\">30.05.2025\u00a0\u00a0\u00a0\u00a0\u00a0\u00a0\u00a0\u00a0\u00a0\u00a0\u00a0\u00a0\u00a0 Br\u00fcckentag nach Himmelfahrt<\/span><\/li>\n<li><span style=\"color: #ff0000;\">28.07.-08.08.2025\u00a0 Sommerschlie\u00dfzeit<\/span><\/li>\n<li><span style=\"color: #ff0000;\">11.08.2025\u00a0\u00a0\u00a0\u00a0\u00a0\u00a0\u00a0\u00a0\u00a0\u00a0\u00a0\u00a0\u00a0 Vorbereitungstag f\u00fcr neues Kita-Jahr<\/span><\/li>\n<li><span style=\"color: #ff0000;\">Fachtag Erzieherinnen wird noch bekannt gegeben<\/span><\/li>\n<li><span style=\"color: #ff0000;\">22.12.-02.1.2026 \u00a0\u00a0 Weihnachtsschlie\u00dfzeit<\/span><\/li>\n<li><span style=\"color: #ff0000;\">26.01.26 DRK-Schulung des Teams,<\/span><\/li>\n<li><span style=\"color: #ff0000;\">13.03.26 Weiterbildungstag des Teams,<\/span><\/li>\n<li><span style=\"color: #ff0000;\">15.05.26 Br\u00fcckentag nach Himmelfahrt,<\/span><\/li>\n<li><span style=\"color: #ff0000;\">02.10.26 Weiterbildungstag des Teams,<\/span><\/li>\n<li><span style=\"color: #ff0000;\">21.12.-31.12.26 Weihnachten<\/span><\/li>\n<\/ul>\n<h3><\/h3>\n<p><strong>Hier finden\u00a0 Sie unsere aktuelle Konzeption:<\/strong><\/p>\n<p><a href=\"http:\/\/kirchengemeinde-schmalkalden.de\/wp-content\/uploads\/2022\/12\/Konzeption-aktuell_11.2022.pdf\">Konzeption aktuell_11.2022<\/a><\/p>\n<p>&nbsp;<\/p>\n<p><strong>Hier finden\u00a0 Sie unsere Elternbeitragsordnung:<br \/>\n<\/strong><\/p>\n<p><a href=\"http:\/\/kirchengemeinde-schmalkalden.de\/wp-content\/uploads\/2022\/12\/Anlage-5-Sonnenschein-ganztags.xlsx\">Anlage 5 Sonnenschein-ganztags<\/a> <a href=\"http:\/\/kirchengemeinde-schmalkalden.de\/wp-content\/uploads\/2022\/12\/Anlage-6-Sonnenschein-halbtags.xlsx\">Anlage 6 Sonnenschein-halbtags<\/a><\/p>\n<p>&nbsp;<\/p>\n<p>&nbsp;<\/p>\n","protected":false},"excerpt":{"rendered":"<p>&nbsp; Gesch\u00e4ftsf\u00fchrer unserer beiden evangelischen Kinderg\u00e4rten ist Pfarrer Christoph Nordmeyer Tel.: 03 68 3\/60 27 62 E-Mail:\u00a0christoph.nordmeyer@ekkw.de &nbsp; &nbsp; &nbsp; Evangelischer Kindergarten &#8222;Friedrich Fr\u00f6bel&#8220; 98574 Schmalkalden, Pfaffengasse 17,\u00a0\u00a0\u00a0 Leiterin:\u00a0 Susanne Kind Tel. 03683\/ 40 32 32\u00a0\u00a0\u00a0 Fax: 03683 \/ 40 51 30 e-mail:\u00a0ev.kiga.froebel.sm@ekkw.de Zur Anmeldung bitte folgendes Word-Dokument \u00f6ffnen, ausdrucken, ausf\u00fcllen und an den Kindergarten senden: Anmeldung Kindergarten &#8222;Friedrich Fr\u00f6bel&#8220; Konzeption Hier finden\u00a0 Sie unsere Elternbeitragsordnung: Elternbeitr\u00e4ge halbtags \u00a0\u00a0 \u00a0\u00a0 \u00a0\u00a0 \u00a0\u00a0 \u00a0\u00a0Elternbeitr\u00e4ge ganztags &nbsp; Schlie\u00dfzeiten 2026 2.1. 2026 \u00a0\u00a0\u00a0\u00a0\u00a0\u00a0\u00a0\u00a0\u00a0\u00a0\u00a0\u00a0\u00a0\u00a0\u00a0\u00a0\u00a0\u00a0\u00a0\u00a0\u00a0\u00a0\u00a0\u00a0\u00a0\u00a0Schlie\u00dftag nach Neujahr 9.3.2026\u00a0\u00a0\u00a0 \u00a0\u00a0\u00a0\u00a0\u00a0\u00a0\u00a0\u00a0\u00a0\u00a0\u00a0\u00a0\u00a0\u00a0\u00a0\u00a0\u00a0\u00a0\u00a0\u00a0\u00a0\u00a0\u00a0\u00a01. Fortbildungstag 15.5.2026\u00a0\u00a0\u00a0\u00a0\u00a0\u00a0\u00a0 \u00a0\u00a0\u00a0\u00a0\u00a0\u00a0\u00a0\u00a0\u00a0\u00a0\u00a0\u00a0\u00a0\u00a0\u00a0\u00a0\u00a0\u00a0Br\u00fcckentag nach Himmelfahrt 20.7.-31.7.2026\u00a0\u00a0 \u00a0\u00a0\u00a0\u00a0\u00a0\u00a0\u00a0\u00a0\u00a0\u00a0\u00a0Sommerschlie\u00dfzeit 6.11.2026\u00a0\u00a0\u00a0\u00a0\u00a0\u00a0\u00a0\u00a0\u00a0\u00a0\u00a0\u00a0\u00a0\u00a0 \u00a0\u00a0\u00a0\u00a0\u00a0\u00a0\u00a0\u00a0\u00a0\u00a0\u00a0\u00a02. Fortbildungstag (Erste-Hilfe-Kurs) 23.12.2026 -1.1.2027\u00a0 \u00a0\u00a0Weihnachtsschlie\u00dfzeit &nbsp; Hier stellt sich der F\u00f6rderverein des Kindergartens &#8222;Friedrich Fr\u00f6bel&#8220; vor: Flyer [&hellip;]<\/p>\n","protected":false},"author":6,"featured_media":0,"parent":0,"menu_order":6,"comment_status":"open","ping_status":"closed","template":"","meta":{"footnotes":""},"class_list":["post-574","page","type-page","status-publish","hentry"],"_links":{"self":[{"href":"https:\/\/kirchengemeinde-schmalkalden.de\/index.php\/wp-json\/wp\/v2\/pages\/574","targetHints":{"allow":["GET"]}}],"collection":[{"href":"https:\/\/kirchengemeinde-schmalkalden.de\/index.php\/wp-json\/wp\/v2\/pages"}],"about":[{"href":"https:\/\/kirchengemeinde-schmalkalden.de\/index.php\/wp-json\/wp\/v2\/types\/page"}],"author":[{"embeddable":true,"href":"https:\/\/kirchengemeinde-schmalkalden.de\/index.php\/wp-json\/wp\/v2\/users\/6"}],"replies":[{"embeddable":true,"href":"https:\/\/kirchengemeinde-schmalkalden.de\/index.php\/wp-json\/wp\/v2\/comments?post=574"}],"version-history":[{"count":153,"href":"https:\/\/kirchengemeinde-schmalkalden.de\/index.php\/wp-json\/wp\/v2\/pages\/574\/revisions"}],"predecessor-version":[{"id":6114,"href":"https:\/\/kirchengemeinde-schmalkalden.de\/index.php\/wp-json\/wp\/v2\/pages\/574\/revisions\/6114"}],"wp:attachment":[{"href":"https:\/\/kirchengemeinde-schmalkalden.de\/index.php\/wp-json\/wp\/v2\/media?parent=574"}],"curies":[{"name":"wp","href":"https:\/\/api.w.org\/{rel}","templated":true}]}}